{"id":2946,"date":"2025-12-27T23:19:04","date_gmt":"2025-12-28T02:19:04","guid":{"rendered":"https:\/\/sinalu.uy\/?post_type=product&#038;p=2946"},"modified":"2025-12-27T23:37:01","modified_gmt":"2025-12-28T02:37:01","slug":"agave-attenuata","status":"publish","type":"product","link":"https:\/\/sinalu.uy\/en\/product\/agave-attenuata\/","title":{"rendered":"Agave attenuata"},"content":{"rendered":"<p>El Agave attenuata, com\u00fanmente conocido como \u201cAgave colibr\u00ed,\u201d es una planta suculenta que es relativamente f\u00e1cil de cuidar. Es importante tener en cuenta que esta planta no tiene espinas afiladas como otras especies de agave, por lo que es m\u00e1s segura en \u00e1reas donde las personas puedan entrar en contacto con ella. Con la ubicaci\u00f3n, luz y riego adecuados, tu Agave attenuata deber\u00eda prosperar y agregar un toque de belleza suculenta a tu jard\u00edn o espacio interior.<\/p>","protected":false},"excerpt":{"rendered":"<p>*Fotos meramente ilustrativo<\/p>\n<p>*Producto y colores sujetos a disponibilidad<\/p>","protected":false},"featured_media":2947,"comment_status":"open","ping_status":"closed","template":"","meta":{"_uag_custom_page_level_css":""},"product_brand":[43],"product_cat":[28],"product_tag":[62,48,47,46],"class_list":{"0":"post-2946","1":"product","2":"type-product","3":"status-publish","4":"has-post-thumbnail","6":"product_brand-sinalu","7":"product_cat-plantas","8":"product_tag-agave","9":"product_tag-envio","10":"product_tag-naturaleza","11":"product_tag-regalo","13":"first","14":"instock","15":"shipping-taxable","16":"purchasable","17":"product-type-simple"},"aioseo_notices":[],"uagb_featured_image_src":{"full":["https:\/\/i0.wp.com\/sinalu.uy\/wp-content\/uploads\/2025\/12\/ce157334-ab05-4119-aa1e-8af31c421eb4-scaled.png?fit=1927%2C2560&ssl=1",1927,2560,false],"thumbnail":["https:\/\/i0.wp.com\/sinalu.uy\/wp-content\/uploads\/2025\/12\/ce157334-ab05-4119-aa1e-8af31c421eb4-scaled.png?resize=150%2C150&ssl=1",150,150,true],"medium":["https:\/\/i0.wp.com\/sinalu.uy\/wp-content\/uploads\/2025\/12\/ce157334-ab05-4119-aa1e-8af31c421eb4-scaled.png?fit=226%2C300&ssl=1",226,300,true],"medium_large":["https:\/\/i0.wp.com\/sinalu.uy\/wp-content\/uploads\/2025\/12\/ce157334-ab05-4119-aa1e-8af31c421eb4-scaled.png?fit=768%2C1020&ssl=1",768,1020,true],"large":["https:\/\/i0.wp.com\/sinalu.uy\/wp-content\/uploads\/2025\/12\/ce157334-ab05-4119-aa1e-8af31c421eb4-scaled.png?fit=771%2C1024&ssl=1",771,1024,true],"1536x1536":["https:\/\/i0.wp.com\/sinalu.uy\/wp-content\/uploads\/2025\/12\/ce157334-ab05-4119-aa1e-8af31c421eb4-scaled.png?fit=1156%2C1536&ssl=1",1156,1536,true],"2048x2048":["https:\/\/i0.wp.com\/sinalu.uy\/wp-content\/uploads\/2025\/12\/ce157334-ab05-4119-aa1e-8af31c421eb4-scaled.png?fit=1542%2C2048&ssl=1",1542,2048,true],"trp-custom-language-flag":["https:\/\/i0.wp.com\/sinalu.uy\/wp-content\/uploads\/2025\/12\/ce157334-ab05-4119-aa1e-8af31c421eb4-scaled.png?fit=9%2C12&ssl=1",9,12,true],"woocommerce_thumbnail":["https:\/\/i0.wp.com\/sinalu.uy\/wp-content\/uploads\/2025\/12\/ce157334-ab05-4119-aa1e-8af31c421eb4-scaled.png?resize=300%2C300&ssl=1",300,300,true],"woocommerce_single":["https:\/\/i0.wp.com\/sinalu.uy\/wp-content\/uploads\/2025\/12\/ce157334-ab05-4119-aa1e-8af31c421eb4-scaled.png?fit=600%2C797&ssl=1",600,797,true],"woocommerce_gallery_thumbnail":["https:\/\/i0.wp.com\/sinalu.uy\/wp-content\/uploads\/2025\/12\/ce157334-ab05-4119-aa1e-8af31c421eb4-scaled.png?resize=100%2C100&ssl=1",100,100,true]},"uagb_author_info":{"display_name":"Nadia","author_link":"https:\/\/sinalu.uy\/en\/author\/"},"uagb_comment_info":0,"uagb_excerpt":"*Fotos meramente ilustrativo *Producto y colores sujetos a disponibilidad","jetpack_sharing_enabled":true,"jetpack_likes_enabled":true,"_links":{"self":[{"href":"https:\/\/sinalu.uy\/en\/wp-json\/wp\/v2\/product\/2946","targetHints":{"allow":["GET"]}}],"collection":[{"href":"https:\/\/sinalu.uy\/en\/wp-json\/wp\/v2\/product"}],"about":[{"href":"https:\/\/sinalu.uy\/en\/wp-json\/wp\/v2\/types\/product"}],"replies":[{"embeddable":true,"href":"https:\/\/sinalu.uy\/en\/wp-json\/wp\/v2\/comments?post=2946"}],"wp:featuredmedia":[{"embeddable":true,"href":"https:\/\/sinalu.uy\/en\/wp-json\/wp\/v2\/media\/2947"}],"wp:attachment":[{"href":"https:\/\/sinalu.uy\/en\/wp-json\/wp\/v2\/media?parent=2946"}],"wp:term":[{"taxonomy":"product_brand","embeddable":true,"href":"https:\/\/sinalu.uy\/en\/wp-json\/wp\/v2\/product_brand?post=2946"},{"taxonomy":"product_cat","embeddable":true,"href":"https:\/\/sinalu.uy\/en\/wp-json\/wp\/v2\/product_cat?post=2946"},{"taxonomy":"product_tag","embeddable":true,"href":"https:\/\/sinalu.uy\/en\/wp-json\/wp\/v2\/product_tag?post=2946"}],"curies":[{"name":"wp","href":"https:\/\/api.w.org\/{rel}","templated":true}]}}