{"id":2924,"date":"2025-12-27T12:20:03","date_gmt":"2025-12-27T15:20:03","guid":{"rendered":"https:\/\/sinalu.uy\/?post_type=product&#038;p=2924"},"modified":"2025-12-27T13:14:42","modified_gmt":"2025-12-27T16:14:42","slug":"cycas-revoluta","status":"publish","type":"product","link":"https:\/\/sinalu.uy\/en\/product\/cycas-revoluta\/","title":{"rendered":"Cycas revoluta"},"content":{"rendered":"<p><strong>Cycas revoluta<\/strong>, conocida com\u00fanmente como cica o falsa palmera, es una planta de aspecto ex\u00f3tico y elegante que aporta un toque tropical a cualquier espacio. A pesar de su apariencia similar a una palmera, pertenece al grupo de las c\u00edcadas, consideradas f\u00f3siles vivientes por su antig\u00fcedad evolutiva. Su lento crecimiento y resistencia la convierten en una opci\u00f3n excelente tanto para jardines como para cultivo en maceta.<\/p>","protected":false},"excerpt":{"rendered":"<p>*Foto meramente ilustrativa<\/p>\n<p>*Producto y color sujeto a disponibilidad<\/p>","protected":false},"featured_media":2925,"comment_status":"open","ping_status":"closed","template":"","meta":{"_uag_custom_page_level_css":""},"product_brand":[43],"product_cat":[28],"product_tag":[48,61,44,46],"class_list":{"0":"post-2924","1":"product","2":"type-product","3":"status-publish","4":"has-post-thumbnail","6":"product_brand-sinalu","7":"product_cat-plantas","8":"product_tag-envio","9":"product_tag-palmera","10":"product_tag-planta","11":"product_tag-regalo","13":"first","14":"instock","15":"shipping-taxable","16":"purchasable","17":"product-type-simple"},"aioseo_notices":[],"uagb_featured_image_src":{"full":["https:\/\/i0.wp.com\/sinalu.uy\/wp-content\/uploads\/2025\/12\/e156ae33-67c4-4f12-aa03-7e833b3fe873-scaled.png?fit=1927%2C2560&ssl=1",1927,2560,false],"thumbnail":["https:\/\/i0.wp.com\/sinalu.uy\/wp-content\/uploads\/2025\/12\/e156ae33-67c4-4f12-aa03-7e833b3fe873-scaled.png?resize=150%2C150&ssl=1",150,150,true],"medium":["https:\/\/i0.wp.com\/sinalu.uy\/wp-content\/uploads\/2025\/12\/e156ae33-67c4-4f12-aa03-7e833b3fe873-scaled.png?fit=226%2C300&ssl=1",226,300,true],"medium_large":["https:\/\/i0.wp.com\/sinalu.uy\/wp-content\/uploads\/2025\/12\/e156ae33-67c4-4f12-aa03-7e833b3fe873-scaled.png?fit=768%2C1020&ssl=1",768,1020,true],"large":["https:\/\/i0.wp.com\/sinalu.uy\/wp-content\/uploads\/2025\/12\/e156ae33-67c4-4f12-aa03-7e833b3fe873-scaled.png?fit=771%2C1024&ssl=1",771,1024,true],"1536x1536":["https:\/\/i0.wp.com\/sinalu.uy\/wp-content\/uploads\/2025\/12\/e156ae33-67c4-4f12-aa03-7e833b3fe873-scaled.png?fit=1156%2C1536&ssl=1",1156,1536,true],"2048x2048":["https:\/\/i0.wp.com\/sinalu.uy\/wp-content\/uploads\/2025\/12\/e156ae33-67c4-4f12-aa03-7e833b3fe873-scaled.png?fit=1542%2C2048&ssl=1",1542,2048,true],"trp-custom-language-flag":["https:\/\/i0.wp.com\/sinalu.uy\/wp-content\/uploads\/2025\/12\/e156ae33-67c4-4f12-aa03-7e833b3fe873-scaled.png?fit=9%2C12&ssl=1",9,12,true],"woocommerce_thumbnail":["https:\/\/i0.wp.com\/sinalu.uy\/wp-content\/uploads\/2025\/12\/e156ae33-67c4-4f12-aa03-7e833b3fe873-scaled.png?resize=300%2C300&ssl=1",300,300,true],"woocommerce_single":["https:\/\/i0.wp.com\/sinalu.uy\/wp-content\/uploads\/2025\/12\/e156ae33-67c4-4f12-aa03-7e833b3fe873-scaled.png?fit=600%2C797&ssl=1",600,797,true],"woocommerce_gallery_thumbnail":["https:\/\/i0.wp.com\/sinalu.uy\/wp-content\/uploads\/2025\/12\/e156ae33-67c4-4f12-aa03-7e833b3fe873-scaled.png?resize=100%2C100&ssl=1",100,100,true]},"uagb_author_info":{"display_name":"Nadia","author_link":"https:\/\/sinalu.uy\/en\/author\/"},"uagb_comment_info":0,"uagb_excerpt":"*Foto meramente ilustrativa *Producto y color sujeto a disponibilidad","jetpack_sharing_enabled":true,"jetpack_likes_enabled":true,"_links":{"self":[{"href":"https:\/\/sinalu.uy\/en\/wp-json\/wp\/v2\/product\/2924","targetHints":{"allow":["GET"]}}],"collection":[{"href":"https:\/\/sinalu.uy\/en\/wp-json\/wp\/v2\/product"}],"about":[{"href":"https:\/\/sinalu.uy\/en\/wp-json\/wp\/v2\/types\/product"}],"replies":[{"embeddable":true,"href":"https:\/\/sinalu.uy\/en\/wp-json\/wp\/v2\/comments?post=2924"}],"wp:featuredmedia":[{"embeddable":true,"href":"https:\/\/sinalu.uy\/en\/wp-json\/wp\/v2\/media\/2925"}],"wp:attachment":[{"href":"https:\/\/sinalu.uy\/en\/wp-json\/wp\/v2\/media?parent=2924"}],"wp:term":[{"taxonomy":"product_brand","embeddable":true,"href":"https:\/\/sinalu.uy\/en\/wp-json\/wp\/v2\/product_brand?post=2924"},{"taxonomy":"product_cat","embeddable":true,"href":"https:\/\/sinalu.uy\/en\/wp-json\/wp\/v2\/product_cat?post=2924"},{"taxonomy":"product_tag","embeddable":true,"href":"https:\/\/sinalu.uy\/en\/wp-json\/wp\/v2\/product_tag?post=2924"}],"curies":[{"name":"wp","href":"https:\/\/api.w.org\/{rel}","templated":true}]}}