{"id":2597,"date":"2025-09-25T23:47:13","date_gmt":"2025-09-25T23:47:13","guid":{"rendered":"https:\/\/sinalu.uy\/?post_type=product&#038;p=2597"},"modified":"2025-12-27T12:51:54","modified_gmt":"2025-12-27T15:51:54","slug":"helecho-planta-interior","status":"publish","type":"product","link":"https:\/\/sinalu.uy\/en\/product\/helecho-planta-interior\/","title":{"rendered":"Helecho"},"content":{"rendered":"<p><span style=\"font-weight: 400;\">Planta cl\u00e1sica con frondas delicadas y verdes que aportan frescura natural a cualquier ambiente. Perfecta para ba\u00f1os y cocinas por su amor a la humedad. Crea un ambiente selv\u00e1tico y relajante en interiores.<\/span><\/p>","protected":false},"excerpt":{"rendered":"<p><span dir=\"auto\" style=\"vertical-align: inherit;\"><span dir=\"auto\" style=\"vertical-align: inherit;\">*Fotograf\u00edas s\u00f3lo con fines ilustrativos.<\/span><\/span><\/p>\n<p>*Productos y colores sujetos a disponibilidad<\/p>","protected":false},"featured_media":2599,"comment_status":"open","ping_status":"closed","template":"","meta":{"_uag_custom_page_level_css":""},"product_brand":[],"product_cat":[28],"product_tag":[],"class_list":{"0":"post-2597","1":"product","2":"type-product","3":"status-publish","4":"has-post-thumbnail","6":"product_cat-plantas","8":"first","9":"instock","10":"featured","11":"shipping-taxable","12":"purchasable","13":"product-type-simple"},"aioseo_notices":[],"uagb_featured_image_src":{"full":["https:\/\/i0.wp.com\/sinalu.uy\/wp-content\/uploads\/2025\/09\/ELECHO-.png?fit=1080%2C1080&ssl=1",1080,1080,false],"thumbnail":["https:\/\/i0.wp.com\/sinalu.uy\/wp-content\/uploads\/2025\/09\/ELECHO-.png?resize=150%2C150&ssl=1",150,150,true],"medium":["https:\/\/i0.wp.com\/sinalu.uy\/wp-content\/uploads\/2025\/09\/ELECHO-.png?fit=300%2C300&ssl=1",300,300,true],"medium_large":["https:\/\/i0.wp.com\/sinalu.uy\/wp-content\/uploads\/2025\/09\/ELECHO-.png?fit=768%2C768&ssl=1",768,768,true],"large":["https:\/\/i0.wp.com\/sinalu.uy\/wp-content\/uploads\/2025\/09\/ELECHO-.png?fit=1024%2C1024&ssl=1",1024,1024,true],"1536x1536":["https:\/\/i0.wp.com\/sinalu.uy\/wp-content\/uploads\/2025\/09\/ELECHO-.png?fit=1080%2C1080&ssl=1",1080,1080,true],"2048x2048":["https:\/\/i0.wp.com\/sinalu.uy\/wp-content\/uploads\/2025\/09\/ELECHO-.png?fit=1080%2C1080&ssl=1",1080,1080,true],"trp-custom-language-flag":["https:\/\/i0.wp.com\/sinalu.uy\/wp-content\/uploads\/2025\/09\/ELECHO-.png?fit=12%2C12&ssl=1",12,12,true],"woocommerce_thumbnail":["https:\/\/i0.wp.com\/sinalu.uy\/wp-content\/uploads\/2025\/09\/ELECHO-.png?resize=300%2C300&ssl=1",300,300,true],"woocommerce_single":["https:\/\/i0.wp.com\/sinalu.uy\/wp-content\/uploads\/2025\/09\/ELECHO-.png?fit=600%2C600&ssl=1",600,600,true],"woocommerce_gallery_thumbnail":["https:\/\/i0.wp.com\/sinalu.uy\/wp-content\/uploads\/2025\/09\/ELECHO-.png?resize=100%2C100&ssl=1",100,100,true]},"uagb_author_info":{"display_name":"Nadia","author_link":"https:\/\/sinalu.uy\/en\/author\/"},"uagb_comment_info":0,"uagb_excerpt":"*Fotograf\u00edas s\u00f3lo con fines ilustrativos. *Productos y colores sujetos a disponibilidad","jetpack_sharing_enabled":true,"jetpack_likes_enabled":true,"_links":{"self":[{"href":"https:\/\/sinalu.uy\/en\/wp-json\/wp\/v2\/product\/2597","targetHints":{"allow":["GET"]}}],"collection":[{"href":"https:\/\/sinalu.uy\/en\/wp-json\/wp\/v2\/product"}],"about":[{"href":"https:\/\/sinalu.uy\/en\/wp-json\/wp\/v2\/types\/product"}],"replies":[{"embeddable":true,"href":"https:\/\/sinalu.uy\/en\/wp-json\/wp\/v2\/comments?post=2597"}],"wp:featuredmedia":[{"embeddable":true,"href":"https:\/\/sinalu.uy\/en\/wp-json\/wp\/v2\/media\/2599"}],"wp:attachment":[{"href":"https:\/\/sinalu.uy\/en\/wp-json\/wp\/v2\/media?parent=2597"}],"wp:term":[{"taxonomy":"product_brand","embeddable":true,"href":"https:\/\/sinalu.uy\/en\/wp-json\/wp\/v2\/product_brand?post=2597"},{"taxonomy":"product_cat","embeddable":true,"href":"https:\/\/sinalu.uy\/en\/wp-json\/wp\/v2\/product_cat?post=2597"},{"taxonomy":"product_tag","embeddable":true,"href":"https:\/\/sinalu.uy\/en\/wp-json\/wp\/v2\/product_tag?post=2597"}],"curies":[{"name":"wp","href":"https:\/\/api.w.org\/{rel}","templated":true}]}}