{"id":9,"date":"2025-09-23T19:33:18","date_gmt":"2025-09-23T19:33:18","guid":{"rendered":"http:\/\/sinalu.uy\/?page_id=9"},"modified":"2025-09-30T16:55:57","modified_gmt":"2025-09-30T16:55:57","slug":"refund_returns","status":"publish","type":"page","link":"https:\/\/sinalu.uy\/en\/refund_returns\/","title":{"rendered":"Pol\u00edticas de reclamo y reembolso"},"content":{"rendered":"<div data-elementor-type=\"wp-page\" data-elementor-id=\"9\" class=\"elementor elementor-9\">\n\t\t\t\t<div class=\"elementor-element elementor-element-0ae6a36 e-flex e-con-boxed e-con e-parent\" data-id=\"0ae6a36\" data-element_type=\"container\" data-e-type=\"container\">\n\t\t\t\t\t<div class=\"e-con-inner\">\n\t\t\t\t<div class=\"elementor-element elementor-element-d3af0c9 elementor-widget elementor-widget-heading\" data-id=\"d3af0c9\" data-element_type=\"widget\" data-e-type=\"widget\" data-widget_type=\"heading.default\">\n\t\t\t\t<div class=\"elementor-widget-container\">\n\t\t\t\t\t<h2 class=\"elementor-heading-title elementor-size-default\">Pol\u00edticas de reclamo y reembolso<\/h2>\t\t\t\t<\/div>\n\t\t\t\t<\/div>\n\t\t\t\t\t<\/div>\n\t\t\t\t<\/div>\n\t\t<div class=\"elementor-element elementor-element-07c6114 e-flex e-con-boxed e-con e-parent\" data-id=\"07c6114\" data-element_type=\"container\" data-e-type=\"container\">\n\t\t\t\t\t<div class=\"e-con-inner\">\n\t\t\t\t<div class=\"elementor-element elementor-element-1bbd385 elementor-widget elementor-widget-text-editor\" data-id=\"1bbd385\" data-element_type=\"widget\" data-e-type=\"widget\" data-widget_type=\"text-editor.default\">\n\t\t\t\t<div class=\"elementor-widget-container\">\n\t\t\t\t\t\t\t\t\t<p style=\"text-align: left;\"><strong>Proceso de Reclamo<\/strong><br \/><br \/><span style=\"text-decoration: underline;\">Plazo para presentar reclamos<\/span><\/p>\n<p style=\"text-align: left;\">Los clientes deben presentar cualquier reclamo relacionado con su pedido \u00abel mismo d\u00eda\u00bb en que:<br \/>&#8211; Reciben el pedido a domicilio, o<br \/>&#8211; Retiran el pedido del punto de pick-up<br \/><br \/>\u00a0<span style=\"text-decoration: underline;\">C\u00f3mo presentar un reclamo<\/span><\/p>\n<p style=\"text-align: left;\">Para iniciar un proceso de reclamo, el cliente debe:<br \/>\u00a0Enviar un correo electr\u00f3nico a <a href=\"mailto:Sinalu.plantasyflores@gmail.com\" target=\"_blank\" rel=\"noopener\">Sinalu.plantasyflores@gmail.<wbr \/>com<\/a><br \/>\u00a0Asunto del correo: \u00abReclamo\u00a0 \u00a0 \u00a0 \u00a0 \u00a0 \u00a0 \u00a0 \u00a0 \u00a0 \u00a0 \u00a0 \u00a0 \u00a0 \u00a0 \u00a0 \u00a0 \u00a0 \u00a0 \u00a0 \u00a0 \u00a0 \u00a0 \u00a0 \u00a0 \u00a0 \u00a0 \u00a0 \u00a0 \u00a0 \u00a0 \u00a0 \u00a0 \u00a0 \u00a0 \u00a0 \u00a0 \u00a0 \u00a0 \u00a0 \u00a0 \u00a0 \u00a0 \u00a0 \u00a0 \u00a0 \u00a0 \u00a0 \u00a0 \u00a0 \u00a0 \u00a0 \u00a0 \u00a0 \u00a0 \u00a0 \u00a0 \u00a0 \u00a0 \u00a0Incluir en el mensaje:<br \/>\u00a0\u00a0 &#8211; N\u00famero de pedido<br \/>\u00a0\u00a0 &#8211; Nombre completo del cliente<br \/>\u00a0\u00a0 &#8211; Descripci\u00f3n detallada del problema<br \/>\u00a0\u00a0 &#8211; Fotograf\u00edas adjuntas (si es necesario para documentar el reclamo)<br \/><br \/><span style=\"text-decoration: underline;\">Motivos v\u00e1lidos de reclamo<\/span><\/p>\n<p style=\"text-align: left;\">Se aceptar\u00e1n reclamos por las siguientes causas:<br \/>&#8211; Plantas o flores en mal estado o da\u00f1adas<br \/>&#8211; Pedido incompleto o incorrecto<br \/>&#8211; Da\u00f1os ocurridos durante el transporte<br \/>&#8211; Discrepancia entre el producto recibido y el solicitado<br \/><br \/>\u00a0<strong>Evaluaci\u00f3n de Reclamos<\/strong><br \/><br \/><span style=\"text-decoration: underline;\">Tiempo de respuesta<\/span><\/p>\n<p style=\"text-align: left;\">Nuestro equipo evaluar\u00e1 cada reclamo en un plazo m\u00e1ximo de 48 horas h\u00e1biles desde su recepci\u00f3n.<br \/><br \/><span style=\"text-decoration: underline;\">Documentaci\u00f3n fotogr\u00e1fica<\/span><\/p>\n<p style=\"text-align: left;\">Las fotograf\u00edas adjuntas deben mostrar claramente:<br \/>&#8211; El estado del producto<br \/>&#8211; El empaque (si corresponde)<br \/>&#8211; Etiquetas o identificaci\u00f3n del pedido<br \/><br \/><br \/><strong>Pol\u00edtica de Reembolso<\/strong><\/p>\n<p style=\"text-align: left;\"><span style=\"text-decoration: underline;\">Opciones de resoluci\u00f3n<\/span><br \/>Una vez aprobado el reclamo, ofreceremos al cliente una de las siguientes opciones:<br \/><br \/>&#8211; Reembolso total del monto pagado<br \/>&#8211; Reposici\u00f3n del producto sin costo adicional<br \/>&#8211; Cr\u00e9dito en tienda por el valor del producto afectado<br \/><br \/>\u00a0<span style=\"text-decoration: underline;\">M\u00e9todo de reembolso<\/span><br \/>Los reembolsos se procesar\u00e1n mediante el mismo m\u00e9todo de pago utilizado en la compra original.<br \/><br \/>\u00a0<span style=\"text-decoration: underline;\">Tiempo de procesamiento<\/span><\/p>\n<p style=\"text-align: left;\">&#8211; Reembolsos a tarjeta de cr\u00e9dito\/d\u00e9bito: 5-10 d\u00edas h\u00e1biles<br \/>&#8211; Transferencias bancarias: 3-5 d\u00edas h\u00e1biles<br \/>&#8211; Cr\u00e9dito en tienda: inmediato<br \/><br \/><br \/><strong>Excepciones<\/strong><br \/><br \/>\u00a0<span style=\"text-decoration: underline;\">No se aceptar\u00e1n reclamos en los siguientes casos<\/span><\/p>\n<p style=\"text-align: left;\">&#8211; Reclamos presentados fuera del plazo establecido (despu\u00e9s del d\u00eda de recepci\u00f3n)<br \/>&#8211; Da\u00f1os causados por mal cuidado posterior a la entrega<br \/>&#8211; Cambios de opini\u00f3n sobre el producto<br \/>&#8211; Problemas no documentados adecuadamente<br \/><br \/><span style=\"text-decoration: underline;\">Productos perecederos<\/span><\/p>\n<p style=\"text-align: left;\">Debido a la naturaleza viva de nuestros productos, es fundamental que los reclamos se presenten dentro del plazo establecido para garantizar una evaluaci\u00f3n justa.<br \/><br \/><br \/>\u00a0<strong>Compromiso de Calidad<\/strong><br \/><br \/>En\u00a0 Sinalu Plantas y Flores nos comprometemos a ofrecer productos de la m\u00e1s alta calidad. Nuestro objetivo es la satisfacci\u00f3n total de nuestros clientes, y trabajaremos diligentemente para resolver cualquier inconveniente de manera justa y oportuna.<br \/><br \/><br \/><br \/><strong>Contacto:<\/strong><\/p>\n<p style=\"text-align: left;\">&#8211; <span style=\"text-decoration: underline;\">Email:<\/span> sinalu.plantasyflores@gmail.com<br \/>&#8211; <span style=\"text-decoration: underline;\">Asunto para reclamos:<\/span> \u00abReclamo\u00bb<br \/><br \/>*Estas pol\u00edticas est\u00e1n sujetas a cambios sin previo aviso. \u00daltima actualizaci\u00f3n: 30\/09\/2025\u00a0<\/p>\t\t\t\t\t\t\t\t<\/div>\n\t\t\t\t<\/div>\n\t\t\t\t\t<\/div>\n\t\t\t\t<\/div>\n\t\t\t\t<\/div>","protected":false},"excerpt":{"rendered":"<p>Pol\u00edticas de reclamo y reembolso Proceso de Reclamo Plazo para presentar reclamos Los clientes deben presentar cualquier reclamo relacionado con su pedido \u00abel mismo d\u00eda\u00bb en que:&#8211; Reciben el pedido a domicilio, o&#8211; Retiran el pedido del punto de pick-up \u00a0C\u00f3mo presentar un reclamo Para iniciar un proceso de reclamo, el cliente debe:\u00a0Enviar un correo [&hellip;]<\/p>\n","protected":false},"author":1,"featured_media":0,"parent":0,"menu_order":0,"comment_status":"closed","ping_status":"closed","template":"","meta":{"_uag_custom_page_level_css":"","footnotes":""},"class_list":["post-9","page","type-page","status-publish","hentry"],"aioseo_notices":[],"uagb_featured_image_src":{"full":false,"thumbnail":false,"medium":false,"medium_large":false,"large":false,"1536x1536":false,"2048x2048":false,"trp-custom-language-flag":false,"woocommerce_thumbnail":false,"woocommerce_single":false,"woocommerce_gallery_thumbnail":false},"uagb_author_info":{"display_name":"Nadia","author_link":"https:\/\/sinalu.uy\/en\/author\/nadia-r-218gmail-com\/"},"uagb_comment_info":0,"uagb_excerpt":"Pol\u00edticas de reclamo y reembolso Proceso de Reclamo Plazo para presentar reclamos Los clientes deben presentar cualquier reclamo relacionado con su pedido \u00abel mismo d\u00eda\u00bb en que:&#8211; Reciben el pedido a domicilio, o&#8211; Retiran el pedido del punto de pick-up \u00a0C\u00f3mo presentar un reclamo Para iniciar un proceso de reclamo, el cliente debe:\u00a0Enviar un correo&hellip;","jetpack_sharing_enabled":true,"jetpack_likes_enabled":true,"_links":{"self":[{"href":"https:\/\/sinalu.uy\/en\/wp-json\/wp\/v2\/pages\/9","targetHints":{"allow":["GET"]}}],"collection":[{"href":"https:\/\/sinalu.uy\/en\/wp-json\/wp\/v2\/pages"}],"about":[{"href":"https:\/\/sinalu.uy\/en\/wp-json\/wp\/v2\/types\/page"}],"author":[{"embeddable":true,"href":"https:\/\/sinalu.uy\/en\/wp-json\/wp\/v2\/users\/1"}],"replies":[{"embeddable":true,"href":"https:\/\/sinalu.uy\/en\/wp-json\/wp\/v2\/comments?post=9"}],"version-history":[{"count":0,"href":"https:\/\/sinalu.uy\/en\/wp-json\/wp\/v2\/pages\/9\/revisions"}],"wp:attachment":[{"href":"https:\/\/sinalu.uy\/en\/wp-json\/wp\/v2\/media?parent=9"}],"curies":[{"name":"wp","href":"https:\/\/api.w.org\/{rel}","templated":true}]}}