{"id":2385,"date":"2025-09-18T04:07:45","date_gmt":"2025-09-18T04:07:45","guid":{"rendered":"https:\/\/sinalu.uy\/?page_id=2385"},"modified":"2025-11-15T19:19:06","modified_gmt":"2025-11-15T22:19:06","slug":"eventos-en-general","status":"publish","type":"page","link":"https:\/\/sinalu.uy\/en\/ocasiones-especiales\/eventos-en-general\/","title":{"rendered":"Eventos en general"},"content":{"rendered":"<div data-elementor-type=\"wp-page\" data-elementor-id=\"2385\" class=\"elementor elementor-2385\">\n\t\t\t\t<div class=\"elementor-element elementor-element-338492f e-flex e-con-boxed e-con e-parent\" data-id=\"338492f\" data-element_type=\"container\" data-e-type=\"container\">\n\t\t\t\t\t<div class=\"e-con-inner\">\n\t\t\t\t<div class=\"elementor-element elementor-element-27c82c0 elementor-widget elementor-widget-heading\" data-id=\"27c82c0\" data-element_type=\"widget\" data-e-type=\"widget\" data-widget_type=\"heading.default\">\n\t\t\t\t<div class=\"elementor-widget-container\">\n\t\t\t\t\t<h2 class=\"elementor-heading-title elementor-size-default\">Eventos Especiales<\/h2>\t\t\t\t<\/div>\n\t\t\t\t<\/div>\n\t\t\t\t\t<\/div>\n\t\t\t\t<\/div>\n\t\t<div class=\"elementor-element elementor-element-89ebd6b e-flex e-con-boxed e-con e-parent\" data-id=\"89ebd6b\" data-element_type=\"container\" data-e-type=\"container\">\n\t\t\t\t\t<div class=\"e-con-inner\">\n\t\t\t\t<div class=\"elementor-element elementor-element-0ec89fe elementor-widget__width-initial elementor-widget elementor-widget-image\" data-id=\"0ec89fe\" data-element_type=\"widget\" data-e-type=\"widget\" data-widget_type=\"image.default\">\n\t\t\t\t<div class=\"elementor-widget-container\">\n\t\t\t\t\t\t\t\t\t\t\t\t\t\t\t<img fetchpriority=\"high\" decoding=\"async\" width=\"300\" height=\"300\" src=\"https:\/\/i0.wp.com\/sinalu.uy\/wp-content\/uploads\/2025\/09\/gf46aab92fbac4a68e207eb734ada36592b0c265c0b9104fbc901d8fbdebc739b8877b38e82645f7a08bb29e1301af7810f24b2b76bce828e576805bc26d96675_1280-2697945.jpg?resize=300%2C300&amp;ssl=1\" class=\"attachment-woocommerce_thumbnail size-woocommerce_thumbnail wp-image-2416\" alt=\"please, do, not, download, this, picture, anymore, please, download, download, picture, picture, picture, picture, picture\" srcset=\"https:\/\/i0.wp.com\/sinalu.uy\/wp-content\/uploads\/2025\/09\/gf46aab92fbac4a68e207eb734ada36592b0c265c0b9104fbc901d8fbdebc739b8877b38e82645f7a08bb29e1301af7810f24b2b76bce828e576805bc26d96675_1280-2697945.jpg?resize=300%2C300&amp;ssl=1 300w, https:\/\/i0.wp.com\/sinalu.uy\/wp-content\/uploads\/2025\/09\/gf46aab92fbac4a68e207eb734ada36592b0c265c0b9104fbc901d8fbdebc739b8877b38e82645f7a08bb29e1301af7810f24b2b76bce828e576805bc26d96675_1280-2697945.jpg?resize=100%2C100&amp;ssl=1 100w, https:\/\/i0.wp.com\/sinalu.uy\/wp-content\/uploads\/2025\/09\/gf46aab92fbac4a68e207eb734ada36592b0c265c0b9104fbc901d8fbdebc739b8877b38e82645f7a08bb29e1301af7810f24b2b76bce828e576805bc26d96675_1280-2697945.jpg?resize=150%2C150&amp;ssl=1 150w, https:\/\/i0.wp.com\/sinalu.uy\/wp-content\/uploads\/2025\/09\/gf46aab92fbac4a68e207eb734ada36592b0c265c0b9104fbc901d8fbdebc739b8877b38e82645f7a08bb29e1301af7810f24b2b76bce828e576805bc26d96675_1280-2697945.jpg?zoom=2&amp;resize=300%2C300&amp;ssl=1 600w, https:\/\/i0.wp.com\/sinalu.uy\/wp-content\/uploads\/2025\/09\/gf46aab92fbac4a68e207eb734ada36592b0c265c0b9104fbc901d8fbdebc739b8877b38e82645f7a08bb29e1301af7810f24b2b76bce828e576805bc26d96675_1280-2697945.jpg?zoom=3&amp;resize=300%2C300&amp;ssl=1 900w\" sizes=\"(max-width: 300px) 100vw, 300px\" \/>\t\t\t\t\t\t\t\t\t\t\t\t\t\t\t<\/div>\n\t\t\t\t<\/div>\n\t\t\t\t\t<\/div>\n\t\t\t\t<\/div>\n\t\t<div class=\"elementor-element elementor-element-b64d734 e-flex e-con-boxed e-con e-parent\" data-id=\"b64d734\" data-element_type=\"container\" data-e-type=\"container\">\n\t\t\t\t\t<div class=\"e-con-inner\">\n\t\t\t\t<div class=\"elementor-element elementor-element-8efda42 elementor-widget elementor-widget-text-editor\" data-id=\"8efda42\" data-element_type=\"widget\" data-e-type=\"widget\" data-widget_type=\"text-editor.default\">\n\t\t\t\t<div class=\"elementor-widget-container\">\n\t\t\t\t\t\t\t\t\t<p>En SINALU, creamos ambientes inolvidables con arreglos florales y plantas que realzan la belleza de cada ocasi\u00f3n. Ofrecemos soluciones personalizadas para eventos especiales, desde la delicadeza de una fiesta de 15 a\u00f1os y la elegancia de bodas, hasta la distinci\u00f3n requerida en eventos empresariales. Cont\u00e1ctenos para transformar su celebraci\u00f3n en una experiencia \u00fanica.<\/p>\t\t\t\t\t\t\t\t<\/div>\n\t\t\t\t<\/div>\n\t\t\t\t\t<\/div>\n\t\t\t\t<\/div>\n\t\t<div class=\"elementor-element elementor-element-86508d4 e-con-full e-flex e-con e-parent\" data-id=\"86508d4\" data-element_type=\"container\" data-e-type=\"container\">\n\t\t<div class=\"elementor-element elementor-element-fa98ce0 e-con-full e-flex e-con e-child\" data-id=\"fa98ce0\" data-element_type=\"container\" data-e-type=\"container\">\n\t\t\t\t<div class=\"elementor-element elementor-element-41a8810 elementor-widget elementor-widget-image\" data-id=\"41a8810\" data-element_type=\"widget\" data-e-type=\"widget\" data-widget_type=\"image.default\">\n\t\t\t\t<div class=\"elementor-widget-container\">\n\t\t\t\t\t\t\t\t\t\t\t\t\t\t\t<img decoding=\"async\" width=\"300\" height=\"300\" src=\"https:\/\/i0.wp.com\/sinalu.uy\/wp-content\/uploads\/2025\/09\/pexels-photo-1123254-1123254-scaled.jpg?resize=300%2C300&amp;ssl=1\" class=\"attachment-woocommerce_thumbnail size-woocommerce_thumbnail wp-image-2407\" alt=\"Beautifully set dining table with vibrant floral arrangements and elegant tableware.\" srcset=\"https:\/\/i0.wp.com\/sinalu.uy\/wp-content\/uploads\/2025\/09\/pexels-photo-1123254-1123254-scaled.jpg?resize=300%2C300&amp;ssl=1 300w, https:\/\/i0.wp.com\/sinalu.uy\/wp-content\/uploads\/2025\/09\/pexels-photo-1123254-1123254-scaled.jpg?resize=100%2C100&amp;ssl=1 100w, https:\/\/i0.wp.com\/sinalu.uy\/wp-content\/uploads\/2025\/09\/pexels-photo-1123254-1123254-scaled.jpg?resize=150%2C150&amp;ssl=1 150w, https:\/\/i0.wp.com\/sinalu.uy\/wp-content\/uploads\/2025\/09\/pexels-photo-1123254-1123254-scaled.jpg?zoom=2&amp;resize=300%2C300&amp;ssl=1 600w, https:\/\/i0.wp.com\/sinalu.uy\/wp-content\/uploads\/2025\/09\/pexels-photo-1123254-1123254-scaled.jpg?zoom=3&amp;resize=300%2C300&amp;ssl=1 900w\" sizes=\"(max-width: 300px) 100vw, 300px\" \/>\t\t\t\t\t\t\t\t\t\t\t\t\t\t\t<\/div>\n\t\t\t\t<\/div>\n\t\t\t\t<\/div>\n\t\t<div class=\"elementor-element elementor-element-e93f960 e-con-full e-flex e-con e-child\" data-id=\"e93f960\" data-element_type=\"container\" data-e-type=\"container\">\n\t\t\t\t<div class=\"elementor-element elementor-element-7323664 elementor-widget elementor-widget-text-editor\" data-id=\"7323664\" data-element_type=\"widget\" data-e-type=\"widget\" data-widget_type=\"text-editor.default\">\n\t\t\t\t<div class=\"elementor-widget-container\">\n\t\t\t\t\t\t\t\t\t<p>15 a\u00f1os<\/p><p>Entendemos la magia de los 15 a\u00f1os. Creamos arreglos florales que capturan la frescura y el encanto de esta celebraci\u00f3n tan especial. Desde centros de mesa delicados hasta ramos de ensue\u00f1o, incorporamos flores que reflejan la juventud y alegr\u00eda.<\/p>\t\t\t\t\t\t\t\t<\/div>\n\t\t\t\t<\/div>\n\t\t\t\t<\/div>\n\t\t\t\t<\/div>\n\t\t<div class=\"elementor-element elementor-element-87b2a1d e-con-full e-flex e-con e-parent\" data-id=\"87b2a1d\" data-element_type=\"container\" data-e-type=\"container\">\n\t\t<div class=\"elementor-element elementor-element-cbe555f e-con-full e-flex e-con e-child\" data-id=\"cbe555f\" data-element_type=\"container\" data-e-type=\"container\">\n\t\t\t\t<div class=\"elementor-element elementor-element-9b27d40 elementor-widget elementor-widget-text-editor\" data-id=\"9b27d40\" data-element_type=\"widget\" data-e-type=\"widget\" data-widget_type=\"text-editor.default\">\n\t\t\t\t<div class=\"elementor-widget-container\">\n\t\t\t\t\t\t\t\t\t<p>Bodas<\/p><p>Celebre su uni\u00f3n con la elegancia y el romanticismo que solo las flores pueden ofrecer. Dise\u00f1amos arreglos florales que complementan a la perfecci\u00f3n cada detalle de su boda, desde el ramo de la novia hasta la decoraci\u00f3n del sal\u00f3n, creando una atm\u00f3sfera inolvidable.<\/p>\t\t\t\t\t\t\t\t<\/div>\n\t\t\t\t<\/div>\n\t\t\t\t<\/div>\n\t\t<div class=\"elementor-element elementor-element-1946b4a e-con-full e-flex e-con e-child\" data-id=\"1946b4a\" data-element_type=\"container\" data-e-type=\"container\">\n\t\t\t\t<div class=\"elementor-element elementor-element-b8e9cf8 elementor-widget__width-initial elementor-widget elementor-widget-image\" data-id=\"b8e9cf8\" data-element_type=\"widget\" data-e-type=\"widget\" data-widget_type=\"image.default\">\n\t\t\t\t<div class=\"elementor-widget-container\">\n\t\t\t\t\t\t\t\t\t\t\t\t\t\t\t<img decoding=\"async\" width=\"300\" height=\"300\" src=\"https:\/\/i0.wp.com\/sinalu.uy\/wp-content\/uploads\/2025\/09\/pexels-photo-32854443-32854443-scaled.jpg?resize=300%2C300&amp;ssl=1\" class=\"attachment-woocommerce_thumbnail size-woocommerce_thumbnail wp-image-2408\" alt=\"A beautifully decorated outdoor wedding aisle with draped curtains and floral arrangements, set for a ceremony.\" srcset=\"https:\/\/i0.wp.com\/sinalu.uy\/wp-content\/uploads\/2025\/09\/pexels-photo-32854443-32854443-scaled.jpg?resize=300%2C300&amp;ssl=1 300w, https:\/\/i0.wp.com\/sinalu.uy\/wp-content\/uploads\/2025\/09\/pexels-photo-32854443-32854443-scaled.jpg?resize=100%2C100&amp;ssl=1 100w, https:\/\/i0.wp.com\/sinalu.uy\/wp-content\/uploads\/2025\/09\/pexels-photo-32854443-32854443-scaled.jpg?resize=150%2C150&amp;ssl=1 150w, https:\/\/i0.wp.com\/sinalu.uy\/wp-content\/uploads\/2025\/09\/pexels-photo-32854443-32854443-scaled.jpg?zoom=2&amp;resize=300%2C300&amp;ssl=1 600w, https:\/\/i0.wp.com\/sinalu.uy\/wp-content\/uploads\/2025\/09\/pexels-photo-32854443-32854443-scaled.jpg?zoom=3&amp;resize=300%2C300&amp;ssl=1 900w\" sizes=\"(max-width: 300px) 100vw, 300px\" \/>\t\t\t\t\t\t\t\t\t\t\t\t\t\t\t<\/div>\n\t\t\t\t<\/div>\n\t\t\t\t<\/div>\n\t\t\t\t<\/div>\n\t\t<div class=\"elementor-element elementor-element-91ed3f9 e-con-full e-flex e-con e-parent\" data-id=\"91ed3f9\" data-element_type=\"container\" data-e-type=\"container\">\n\t\t<div class=\"elementor-element elementor-element-5ad43f1 e-con-full e-flex e-con e-child\" data-id=\"5ad43f1\" data-element_type=\"container\" data-e-type=\"container\">\n\t\t\t\t<div class=\"elementor-element elementor-element-f429125 elementor-widget elementor-widget-image\" data-id=\"f429125\" data-element_type=\"widget\" data-e-type=\"widget\" data-widget_type=\"image.default\">\n\t\t\t\t<div class=\"elementor-widget-container\">\n\t\t\t\t\t\t\t\t\t\t\t\t\t\t\t<img loading=\"lazy\" decoding=\"async\" width=\"300\" height=\"300\" src=\"https:\/\/i0.wp.com\/sinalu.uy\/wp-content\/uploads\/2025\/09\/pexels-photo-17109141-17109141-scaled.jpg?resize=300%2C300&amp;ssl=1\" class=\"attachment-woocommerce_thumbnail size-woocommerce_thumbnail wp-image-2417\" alt=\"Luxurious floral arrangements on a wooden table in an elegant indoor setting, creating a sophisticated ambiance.\" srcset=\"https:\/\/i0.wp.com\/sinalu.uy\/wp-content\/uploads\/2025\/09\/pexels-photo-17109141-17109141-scaled.jpg?resize=300%2C300&amp;ssl=1 300w, https:\/\/i0.wp.com\/sinalu.uy\/wp-content\/uploads\/2025\/09\/pexels-photo-17109141-17109141-scaled.jpg?resize=100%2C100&amp;ssl=1 100w, https:\/\/i0.wp.com\/sinalu.uy\/wp-content\/uploads\/2025\/09\/pexels-photo-17109141-17109141-scaled.jpg?resize=150%2C150&amp;ssl=1 150w, https:\/\/i0.wp.com\/sinalu.uy\/wp-content\/uploads\/2025\/09\/pexels-photo-17109141-17109141-scaled.jpg?zoom=2&amp;resize=300%2C300&amp;ssl=1 600w, https:\/\/i0.wp.com\/sinalu.uy\/wp-content\/uploads\/2025\/09\/pexels-photo-17109141-17109141-scaled.jpg?zoom=3&amp;resize=300%2C300&amp;ssl=1 900w\" sizes=\"(max-width: 300px) 100vw, 300px\" \/>\t\t\t\t\t\t\t\t\t\t\t\t\t\t\t<\/div>\n\t\t\t\t<\/div>\n\t\t\t\t<\/div>\n\t\t<div class=\"elementor-element elementor-element-40ed051 e-con-full e-flex e-con e-child\" data-id=\"40ed051\" data-element_type=\"container\" data-e-type=\"container\">\n\t\t\t\t<div class=\"elementor-element elementor-element-9ed39fa elementor-widget elementor-widget-text-editor\" data-id=\"9ed39fa\" data-element_type=\"widget\" data-e-type=\"widget\" data-widget_type=\"text-editor.default\">\n\t\t\t\t<div class=\"elementor-widget-container\">\n\t\t\t\t\t\t\t\t\t<p>Eventos Empresariales<\/p><p>Impulse la imagen de su empresa con una decoraci\u00f3n floral sofisticada y profesional. Ofrecemos dise\u00f1os que transmiten seriedad y buen gusto, ideales para conferencias, lanzamientos de productos, cenas de gala o cualquier evento corporativo que requiera un toque de distinci\u00f3n.<\/p>\t\t\t\t\t\t\t\t<\/div>\n\t\t\t\t<\/div>\n\t\t\t\t<\/div>\n\t\t\t\t<\/div>\n\t\t\t\t<\/div>","protected":false},"excerpt":{"rendered":"<p>Eventos Especiales En SINALU, creamos ambientes inolvidables con arreglos florales y plantas que realzan la belleza de cada ocasi\u00f3n. Ofrecemos soluciones personalizadas para eventos especiales, desde la delicadeza de una fiesta de 15 a\u00f1os y la elegancia de bodas, hasta la distinci\u00f3n requerida en eventos empresariales. Cont\u00e1ctenos para transformar su celebraci\u00f3n en una experiencia \u00fanica. [&hellip;]<\/p>\n","protected":false},"author":1,"featured_media":0,"parent":2286,"menu_order":0,"comment_status":"closed","ping_status":"closed","template":"","meta":{"_uag_custom_page_level_css":"","footnotes":""},"class_list":["post-2385","page","type-page","status-publish","hentry"],"aioseo_notices":[],"uagb_featured_image_src":{"full":false,"thumbnail":false,"medium":false,"medium_large":false,"large":false,"1536x1536":false,"2048x2048":false,"trp-custom-language-flag":false,"woocommerce_thumbnail":false,"woocommerce_single":false,"woocommerce_gallery_thumbnail":false},"uagb_author_info":{"display_name":"Nadia","author_link":"https:\/\/sinalu.uy\/en\/author\/nadia-r-218gmail-com\/"},"uagb_comment_info":0,"uagb_excerpt":"Eventos Especiales En SINALU, creamos ambientes inolvidables con arreglos florales y plantas que realzan la belleza de cada ocasi\u00f3n. Ofrecemos soluciones personalizadas para eventos especiales, desde la delicadeza de una fiesta de 15 a\u00f1os y la elegancia de bodas, hasta la distinci\u00f3n requerida en eventos empresariales. Cont\u00e1ctenos para transformar su celebraci\u00f3n en una experiencia \u00fanica.&hellip;","jetpack_sharing_enabled":true,"jetpack_likes_enabled":true,"_links":{"self":[{"href":"https:\/\/sinalu.uy\/en\/wp-json\/wp\/v2\/pages\/2385","targetHints":{"allow":["GET"]}}],"collection":[{"href":"https:\/\/sinalu.uy\/en\/wp-json\/wp\/v2\/pages"}],"about":[{"href":"https:\/\/sinalu.uy\/en\/wp-json\/wp\/v2\/types\/page"}],"author":[{"embeddable":true,"href":"https:\/\/sinalu.uy\/en\/wp-json\/wp\/v2\/users\/1"}],"replies":[{"embeddable":true,"href":"https:\/\/sinalu.uy\/en\/wp-json\/wp\/v2\/comments?post=2385"}],"version-history":[{"count":0,"href":"https:\/\/sinalu.uy\/en\/wp-json\/wp\/v2\/pages\/2385\/revisions"}],"up":[{"embeddable":true,"href":"https:\/\/sinalu.uy\/en\/wp-json\/wp\/v2\/pages\/2286"}],"wp:attachment":[{"href":"https:\/\/sinalu.uy\/en\/wp-json\/wp\/v2\/media?parent=2385"}],"curies":[{"name":"wp","href":"https:\/\/api.w.org\/{rel}","templated":true}]}}