{"id":2372,"date":"2025-09-18T03:47:33","date_gmt":"2025-09-18T03:47:33","guid":{"rendered":"https:\/\/sinalu.uy\/?page_id=2372"},"modified":"2025-11-15T18:34:00","modified_gmt":"2025-11-15T21:34:00","slug":"dia-de-la-secretaria","status":"publish","type":"page","link":"https:\/\/sinalu.uy\/en\/ocasiones-especiales\/dia-de-la-secretaria\/","title":{"rendered":"D\u00eda de la secretaria"},"content":{"rendered":"<div data-elementor-type=\"wp-page\" data-elementor-id=\"2372\" class=\"elementor elementor-2372\">\n\t\t\t\t<div class=\"elementor-element elementor-element-bfcdeb2 e-flex e-con-boxed e-con e-parent\" data-id=\"bfcdeb2\" data-element_type=\"container\" data-e-type=\"container\">\n\t\t\t\t\t<div class=\"e-con-inner\">\n\t\t\t\t<div class=\"elementor-element elementor-element-d0b6a64 elementor-widget elementor-widget-heading\" data-id=\"d0b6a64\" data-element_type=\"widget\" data-e-type=\"widget\" data-widget_type=\"heading.default\">\n\t\t\t\t<div class=\"elementor-widget-container\">\n\t\t\t\t\t<h2 class=\"elementor-heading-title elementor-size-default\">D\u00eda de la secretaria<\/h2>\t\t\t\t<\/div>\n\t\t\t\t<\/div>\n\t\t\t\t\t<\/div>\n\t\t\t\t<\/div>\n\t\t<div class=\"elementor-element elementor-element-c4a9cce e-grid e-con-full e-con e-parent\" data-id=\"c4a9cce\" data-element_type=\"container\" data-e-type=\"container\">\n\t\t\t\t<div class=\"elementor-element elementor-element-8a7a4f2 elementor-widget elementor-widget-image\" data-id=\"8a7a4f2\" data-element_type=\"widget\" data-e-type=\"widget\" data-widget_type=\"image.default\">\n\t\t\t\t<div class=\"elementor-widget-container\">\n\t\t\t\t\t\t\t\t\t\t\t\t\t\t\t<img fetchpriority=\"high\" decoding=\"async\" width=\"300\" height=\"300\" src=\"https:\/\/i0.wp.com\/sinalu.uy\/wp-content\/uploads\/2025\/09\/Gemini_Generated_Image_pxdrc5pxdrc5pxdr.png?resize=300%2C300&amp;ssl=1\" class=\"attachment-woocommerce_thumbnail size-woocommerce_thumbnail wp-image-2607\" alt=\"secretaria en su escritorio trabajando en su ordenador, el lugar esta decirado con flores y plantas\" srcset=\"https:\/\/i0.wp.com\/sinalu.uy\/wp-content\/uploads\/2025\/09\/Gemini_Generated_Image_pxdrc5pxdrc5pxdr.png?w=1024&amp;ssl=1 1024w, https:\/\/i0.wp.com\/sinalu.uy\/wp-content\/uploads\/2025\/09\/Gemini_Generated_Image_pxdrc5pxdrc5pxdr.png?resize=300%2C300&amp;ssl=1 300w, https:\/\/i0.wp.com\/sinalu.uy\/wp-content\/uploads\/2025\/09\/Gemini_Generated_Image_pxdrc5pxdrc5pxdr.png?resize=100%2C100&amp;ssl=1 100w, https:\/\/i0.wp.com\/sinalu.uy\/wp-content\/uploads\/2025\/09\/Gemini_Generated_Image_pxdrc5pxdrc5pxdr.png?resize=600%2C600&amp;ssl=1 600w, https:\/\/i0.wp.com\/sinalu.uy\/wp-content\/uploads\/2025\/09\/Gemini_Generated_Image_pxdrc5pxdrc5pxdr.png?resize=150%2C150&amp;ssl=1 150w, https:\/\/i0.wp.com\/sinalu.uy\/wp-content\/uploads\/2025\/09\/Gemini_Generated_Image_pxdrc5pxdrc5pxdr.png?resize=768%2C768&amp;ssl=1 768w\" sizes=\"(max-width: 300px) 100vw, 300px\" \/>\t\t\t\t\t\t\t\t\t\t\t\t\t\t\t<\/div>\n\t\t\t\t<\/div>\n\t\t\t\t<div class=\"elementor-element elementor-element-9dfc0b4 elementor-widget elementor-widget-text-editor\" data-id=\"9dfc0b4\" data-element_type=\"widget\" data-e-type=\"widget\" data-widget_type=\"text-editor.default\">\n\t\t\t\t<div class=\"elementor-widget-container\">\n\t\t\t\t\t\t\t\t\t<p><span style=\"font-weight: 400;\">Las secretarias son el coraz\u00f3n que mantiene latiendo cada oficina, organizando, coordinando y haciendo que todo fluya perfectamente. En su d\u00eda especial, honra su profesionalismo y dedicaci\u00f3n con nuestros elegantes arreglos corporativos. Dise\u00f1amos composiciones sofisticadas que reflejan la importancia de su labor.<\/span><\/p>\t\t\t\t\t\t\t\t<\/div>\n\t\t\t\t<\/div>\n\t\t\t\t<\/div>\n\t\t<div class=\"elementor-element elementor-element-256f494 e-grid e-con-boxed e-con e-parent\" data-id=\"256f494\" data-element_type=\"container\" data-e-type=\"container\">\n\t\t\t\t\t<div class=\"e-con-inner\">\n\t\t\t\t<div class=\"elementor-element elementor-element-3734b28 elementor-widget elementor-widget-text-editor\" data-id=\"3734b28\" data-element_type=\"widget\" data-e-type=\"widget\" data-widget_type=\"text-editor.default\">\n\t\t\t\t<div class=\"elementor-widget-container\">\n\t\t\t\t\t\t\t\t\t<p><span style=\"font-weight: 400;\">Nuestros arreglos de escritorio y centros de mesa est\u00e1n pensados para embellecer su espacio de trabajo y recordarles lo valiosas que son para el equipo.<\/span><\/p>\t\t\t\t\t\t\t\t<\/div>\n\t\t\t\t<\/div>\n\t\t\t\t<div class=\"elementor-element elementor-element-7dc5ca5 elementor-widget elementor-widget-image\" data-id=\"7dc5ca5\" data-element_type=\"widget\" data-e-type=\"widget\" data-widget_type=\"image.default\">\n\t\t\t\t<div class=\"elementor-widget-container\">\n\t\t\t\t\t\t\t\t\t\t\t\t\t\t\t<img decoding=\"async\" width=\"300\" height=\"300\" src=\"https:\/\/i0.wp.com\/sinalu.uy\/wp-content\/uploads\/2025\/09\/Gemini_Generated_Image_wupiu2wupiu2wupi.png?resize=300%2C300&amp;ssl=1\" class=\"attachment-woocommerce_thumbnail size-woocommerce_thumbnail wp-image-2610\" alt=\"buque de diferentes flores en jarr\u00f3n de vidrio\" srcset=\"https:\/\/i0.wp.com\/sinalu.uy\/wp-content\/uploads\/2025\/09\/Gemini_Generated_Image_wupiu2wupiu2wupi.png?w=1024&amp;ssl=1 1024w, https:\/\/i0.wp.com\/sinalu.uy\/wp-content\/uploads\/2025\/09\/Gemini_Generated_Image_wupiu2wupiu2wupi.png?resize=300%2C300&amp;ssl=1 300w, https:\/\/i0.wp.com\/sinalu.uy\/wp-content\/uploads\/2025\/09\/Gemini_Generated_Image_wupiu2wupiu2wupi.png?resize=100%2C100&amp;ssl=1 100w, https:\/\/i0.wp.com\/sinalu.uy\/wp-content\/uploads\/2025\/09\/Gemini_Generated_Image_wupiu2wupiu2wupi.png?resize=600%2C600&amp;ssl=1 600w, https:\/\/i0.wp.com\/sinalu.uy\/wp-content\/uploads\/2025\/09\/Gemini_Generated_Image_wupiu2wupiu2wupi.png?resize=150%2C150&amp;ssl=1 150w, https:\/\/i0.wp.com\/sinalu.uy\/wp-content\/uploads\/2025\/09\/Gemini_Generated_Image_wupiu2wupiu2wupi.png?resize=768%2C768&amp;ssl=1 768w\" sizes=\"(max-width: 300px) 100vw, 300px\" \/>\t\t\t\t\t\t\t\t\t\t\t\t\t\t\t<\/div>\n\t\t\t\t<\/div>\n\t\t\t\t\t<\/div>\n\t\t\t\t<\/div>\n\t\t<div class=\"elementor-element elementor-element-f3a07f7 e-flex e-con-boxed e-con e-parent\" data-id=\"f3a07f7\" data-element_type=\"container\" data-e-type=\"container\">\n\t\t\t\t\t<div class=\"e-con-inner\">\n\t\t\t\t<div class=\"elementor-element elementor-element-c657bde elementor-widget elementor-widget-image\" data-id=\"c657bde\" data-element_type=\"widget\" data-e-type=\"widget\" data-widget_type=\"image.default\">\n\t\t\t\t<div class=\"elementor-widget-container\">\n\t\t\t\t\t\t\t\t\t\t\t\t\t\t\t<img decoding=\"async\" width=\"600\" height=\"600\" src=\"https:\/\/i0.wp.com\/sinalu.uy\/wp-content\/uploads\/2025\/09\/Gemini_Generated_Image_k779kdk779kdk779.png?fit=600%2C600&amp;ssl=1\" class=\"attachment-woocommerce_single size-woocommerce_single wp-image-2609\" alt=\"escritorio decorado con plantas y flores\" srcset=\"https:\/\/i0.wp.com\/sinalu.uy\/wp-content\/uploads\/2025\/09\/Gemini_Generated_Image_k779kdk779kdk779.png?w=1024&amp;ssl=1 1024w, https:\/\/i0.wp.com\/sinalu.uy\/wp-content\/uploads\/2025\/09\/Gemini_Generated_Image_k779kdk779kdk779.png?resize=300%2C300&amp;ssl=1 300w, https:\/\/i0.wp.com\/sinalu.uy\/wp-content\/uploads\/2025\/09\/Gemini_Generated_Image_k779kdk779kdk779.png?resize=100%2C100&amp;ssl=1 100w, https:\/\/i0.wp.com\/sinalu.uy\/wp-content\/uploads\/2025\/09\/Gemini_Generated_Image_k779kdk779kdk779.png?resize=600%2C600&amp;ssl=1 600w, https:\/\/i0.wp.com\/sinalu.uy\/wp-content\/uploads\/2025\/09\/Gemini_Generated_Image_k779kdk779kdk779.png?resize=150%2C150&amp;ssl=1 150w, https:\/\/i0.wp.com\/sinalu.uy\/wp-content\/uploads\/2025\/09\/Gemini_Generated_Image_k779kdk779kdk779.png?resize=768%2C768&amp;ssl=1 768w\" sizes=\"(max-width: 600px) 100vw, 600px\" \/>\t\t\t\t\t\t\t\t\t\t\t\t\t\t\t<\/div>\n\t\t\t\t<\/div>\n\t\t\t\t\t<\/div>\n\t\t\t\t<\/div>\n\t\t\t\t<\/div>","protected":false},"excerpt":{"rendered":"<p>D\u00eda de la secretaria Las secretarias son el coraz\u00f3n que mantiene latiendo cada oficina, organizando, coordinando y haciendo que todo fluya perfectamente. En su d\u00eda especial, honra su profesionalismo y dedicaci\u00f3n con nuestros elegantes arreglos corporativos. Dise\u00f1amos composiciones sofisticadas que reflejan la importancia de su labor. Nuestros arreglos de escritorio y centros de mesa est\u00e1n [&hellip;]<\/p>\n","protected":false},"author":1,"featured_media":0,"parent":2286,"menu_order":0,"comment_status":"closed","ping_status":"closed","template":"","meta":{"_uag_custom_page_level_css":"","footnotes":""},"class_list":["post-2372","page","type-page","status-publish","hentry"],"aioseo_notices":[],"uagb_featured_image_src":{"full":false,"thumbnail":false,"medium":false,"medium_large":false,"large":false,"1536x1536":false,"2048x2048":false,"trp-custom-language-flag":false,"woocommerce_thumbnail":false,"woocommerce_single":false,"woocommerce_gallery_thumbnail":false},"uagb_author_info":{"display_name":"Nadia","author_link":"https:\/\/sinalu.uy\/en\/author\/nadia-r-218gmail-com\/"},"uagb_comment_info":0,"uagb_excerpt":"D\u00eda de la secretaria Las secretarias son el coraz\u00f3n que mantiene latiendo cada oficina, organizando, coordinando y haciendo que todo fluya perfectamente. En su d\u00eda especial, honra su profesionalismo y dedicaci\u00f3n con nuestros elegantes arreglos corporativos. Dise\u00f1amos composiciones sofisticadas que reflejan la importancia de su labor. Nuestros arreglos de escritorio y centros de mesa est\u00e1n&hellip;","jetpack_sharing_enabled":true,"jetpack_likes_enabled":true,"_links":{"self":[{"href":"https:\/\/sinalu.uy\/en\/wp-json\/wp\/v2\/pages\/2372","targetHints":{"allow":["GET"]}}],"collection":[{"href":"https:\/\/sinalu.uy\/en\/wp-json\/wp\/v2\/pages"}],"about":[{"href":"https:\/\/sinalu.uy\/en\/wp-json\/wp\/v2\/types\/page"}],"author":[{"embeddable":true,"href":"https:\/\/sinalu.uy\/en\/wp-json\/wp\/v2\/users\/1"}],"replies":[{"embeddable":true,"href":"https:\/\/sinalu.uy\/en\/wp-json\/wp\/v2\/comments?post=2372"}],"version-history":[{"count":0,"href":"https:\/\/sinalu.uy\/en\/wp-json\/wp\/v2\/pages\/2372\/revisions"}],"up":[{"embeddable":true,"href":"https:\/\/sinalu.uy\/en\/wp-json\/wp\/v2\/pages\/2286"}],"wp:attachment":[{"href":"https:\/\/sinalu.uy\/en\/wp-json\/wp\/v2\/media?parent=2372"}],"curies":[{"name":"wp","href":"https:\/\/api.w.org\/{rel}","templated":true}]}}