{"id":2356,"date":"2025-09-18T03:14:58","date_gmt":"2025-09-18T03:14:58","guid":{"rendered":"https:\/\/sinalu.uy\/?page_id=2356"},"modified":"2025-11-15T21:56:58","modified_gmt":"2025-11-16T00:56:58","slug":"san-valentin","status":"publish","type":"page","link":"https:\/\/sinalu.uy\/en\/ocasiones-especiales\/san-valentin\/","title":{"rendered":"San Valent\u00edn"},"content":{"rendered":"<div data-elementor-type=\"wp-page\" data-elementor-id=\"2356\" class=\"elementor elementor-2356\">\n\t\t\t\t<div class=\"elementor-element elementor-element-29c4262 e-flex e-con-boxed e-con e-parent\" data-id=\"29c4262\" data-element_type=\"container\" data-e-type=\"container\">\n\t\t\t\t\t<div class=\"e-con-inner\">\n\t\t\t\t<div class=\"elementor-element elementor-element-073fb26 elementor-widget elementor-widget-heading\" data-id=\"073fb26\" data-element_type=\"widget\" data-e-type=\"widget\" data-widget_type=\"heading.default\">\n\t\t\t\t<div class=\"elementor-widget-container\">\n\t\t\t\t\t<h2 class=\"elementor-heading-title elementor-size-default\">DIA DE LOS ENAMORADOS<\/h2>\t\t\t\t<\/div>\n\t\t\t\t<\/div>\n\t\t\t\t\t<\/div>\n\t\t\t\t<\/div>\n\t\t<div class=\"elementor-element elementor-element-047a966 e-grid e-con-boxed e-con e-parent\" data-id=\"047a966\" data-element_type=\"container\" data-e-type=\"container\">\n\t\t\t\t\t<div class=\"e-con-inner\">\n\t\t\t\t<div class=\"elementor-element elementor-element-c6005c0 elementor-widget elementor-widget-image\" data-id=\"c6005c0\" data-element_type=\"widget\" data-e-type=\"widget\" data-widget_type=\"image.default\">\n\t\t\t\t<div class=\"elementor-widget-container\">\n\t\t\t\t\t\t\t\t\t\t\t\t\t\t\t<img fetchpriority=\"high\" decoding=\"async\" width=\"300\" height=\"300\" src=\"https:\/\/i0.wp.com\/sinalu.uy\/wp-content\/uploads\/2025\/09\/SV-ROSA-ROJA.png?resize=300%2C300&amp;ssl=1\" class=\"attachment-woocommerce_thumbnail size-woocommerce_thumbnail wp-image-2360\" alt=\"\" srcset=\"https:\/\/i0.wp.com\/sinalu.uy\/wp-content\/uploads\/2025\/09\/SV-ROSA-ROJA.png?w=1080&amp;ssl=1 1080w, https:\/\/i0.wp.com\/sinalu.uy\/wp-content\/uploads\/2025\/09\/SV-ROSA-ROJA.png?resize=300%2C300&amp;ssl=1 300w, https:\/\/i0.wp.com\/sinalu.uy\/wp-content\/uploads\/2025\/09\/SV-ROSA-ROJA.png?resize=100%2C100&amp;ssl=1 100w, https:\/\/i0.wp.com\/sinalu.uy\/wp-content\/uploads\/2025\/09\/SV-ROSA-ROJA.png?resize=600%2C600&amp;ssl=1 600w, https:\/\/i0.wp.com\/sinalu.uy\/wp-content\/uploads\/2025\/09\/SV-ROSA-ROJA.png?resize=1024%2C1024&amp;ssl=1 1024w, https:\/\/i0.wp.com\/sinalu.uy\/wp-content\/uploads\/2025\/09\/SV-ROSA-ROJA.png?resize=150%2C150&amp;ssl=1 150w, https:\/\/i0.wp.com\/sinalu.uy\/wp-content\/uploads\/2025\/09\/SV-ROSA-ROJA.png?resize=768%2C768&amp;ssl=1 768w\" sizes=\"(max-width: 300px) 100vw, 300px\" \/>\t\t\t\t\t\t\t\t\t\t\t\t\t\t\t<\/div>\n\t\t\t\t<\/div>\n\t\t\t\t<div class=\"elementor-element elementor-element-0b76db9 elementor-widget elementor-widget-text-editor\" data-id=\"0b76db9\" data-element_type=\"widget\" data-e-type=\"widget\" data-widget_type=\"text-editor.default\">\n\t\t\t\t<div class=\"elementor-widget-container\">\n\t\t\t\t\t\t\t\t\t<p><span style=\"font-weight: 400;\">\u00abEl lenguaje universal del amor se expresa con flores\u00bb<\/span><\/p><p><span style=\"font-weight: 400;\">Cada buque cuenta una historia de amor diferente, porque cada amor es \u00fanico y merece ser celebrado con la flor perfecta que hable directamente al coraz\u00f3n de esa persona especial.<\/span><\/p><p style=\"text-align: center;\">\u00a0<\/p>\t\t\t\t\t\t\t\t<\/div>\n\t\t\t\t<\/div>\n\t\t\t\t\t<\/div>\n\t\t\t\t<\/div>\n\t\t<div class=\"elementor-element elementor-element-83684b8 e-grid e-con-boxed e-con e-parent\" data-id=\"83684b8\" data-element_type=\"container\" data-e-type=\"container\">\n\t\t\t\t\t<div class=\"e-con-inner\">\n\t\t\t\t<div class=\"elementor-element elementor-element-46d8967 elementor-widget elementor-widget-text-editor\" data-id=\"46d8967\" data-element_type=\"widget\" data-e-type=\"widget\" data-widget_type=\"text-editor.default\">\n\t\t\t\t<div class=\"elementor-widget-container\">\n\t\t\t\t\t\t\t\t\t<p><span style=\"font-weight: 400;\">San Valent\u00edn es el d\u00eda donde los corazones hablan a trav\u00e9s de p\u00e9talos y los sentimientos cobran vida en cada rosa. Nuestras creaciones especiales para el D\u00eda del Amor est\u00e1n dise\u00f1adas para expresar desde el romance m\u00e1s apasionado hasta el cari\u00f1o m\u00e1s tierno. Las cl\u00e1sicas rosas rojas siguen siendo el s\u00edmbolo eterno de la pasi\u00f3n, pero tambi\u00e9n ofrecemos opciones \u00fanicas como tulipanes rosados para el amor joven, peon\u00edas para la devoci\u00f3n, y mezclas rom\u00e1nticas en tonos rojo y blanco que simbolizan la uni\u00f3n perfecta.<\/span><\/p>\t\t\t\t\t\t\t\t<\/div>\n\t\t\t\t<\/div>\n\t\t\t\t<div class=\"elementor-element elementor-element-dc1e9ea elementor-widget elementor-widget-image\" data-id=\"dc1e9ea\" data-element_type=\"widget\" data-e-type=\"widget\" data-widget_type=\"image.default\">\n\t\t\t\t<div class=\"elementor-widget-container\">\n\t\t\t\t\t\t\t\t\t\t\t\t\t\t\t<img decoding=\"async\" width=\"300\" height=\"300\" src=\"https:\/\/i0.wp.com\/sinalu.uy\/wp-content\/uploads\/2025\/09\/SV.png?resize=300%2C300&amp;ssl=1\" class=\"attachment-woocommerce_thumbnail size-woocommerce_thumbnail wp-image-2359\" alt=\"\" srcset=\"https:\/\/i0.wp.com\/sinalu.uy\/wp-content\/uploads\/2025\/09\/SV.png?w=1080&amp;ssl=1 1080w, https:\/\/i0.wp.com\/sinalu.uy\/wp-content\/uploads\/2025\/09\/SV.png?resize=300%2C300&amp;ssl=1 300w, https:\/\/i0.wp.com\/sinalu.uy\/wp-content\/uploads\/2025\/09\/SV.png?resize=100%2C100&amp;ssl=1 100w, https:\/\/i0.wp.com\/sinalu.uy\/wp-content\/uploads\/2025\/09\/SV.png?resize=600%2C600&amp;ssl=1 600w, https:\/\/i0.wp.com\/sinalu.uy\/wp-content\/uploads\/2025\/09\/SV.png?resize=1024%2C1024&amp;ssl=1 1024w, https:\/\/i0.wp.com\/sinalu.uy\/wp-content\/uploads\/2025\/09\/SV.png?resize=150%2C150&amp;ssl=1 150w, https:\/\/i0.wp.com\/sinalu.uy\/wp-content\/uploads\/2025\/09\/SV.png?resize=768%2C768&amp;ssl=1 768w\" sizes=\"(max-width: 300px) 100vw, 300px\" \/>\t\t\t\t\t\t\t\t\t\t\t\t\t\t\t<\/div>\n\t\t\t\t<\/div>\n\t\t\t\t\t<\/div>\n\t\t\t\t<\/div>\n\t\t\t\t<\/div>","protected":false},"excerpt":{"rendered":"<p>DIA DE LOS ENAMORADOS \u00abEl lenguaje universal del amor se expresa con flores\u00bb Cada buque cuenta una historia de amor diferente, porque cada amor es \u00fanico y merece ser celebrado con la flor perfecta que hable directamente al coraz\u00f3n de esa persona especial. \u00a0 San Valent\u00edn es el d\u00eda donde los corazones hablan a trav\u00e9s [&hellip;]<\/p>\n","protected":false},"author":1,"featured_media":0,"parent":2286,"menu_order":0,"comment_status":"closed","ping_status":"closed","template":"","meta":{"_uag_custom_page_level_css":"","footnotes":""},"class_list":["post-2356","page","type-page","status-publish","hentry"],"aioseo_notices":[],"uagb_featured_image_src":{"full":false,"thumbnail":false,"medium":false,"medium_large":false,"large":false,"1536x1536":false,"2048x2048":false,"trp-custom-language-flag":false,"woocommerce_thumbnail":false,"woocommerce_single":false,"woocommerce_gallery_thumbnail":false},"uagb_author_info":{"display_name":"Nadia","author_link":"https:\/\/sinalu.uy\/en\/author\/nadia-r-218gmail-com\/"},"uagb_comment_info":0,"uagb_excerpt":"DIA DE LOS ENAMORADOS \u00abEl lenguaje universal del amor se expresa con flores\u00bb Cada buque cuenta una historia de amor diferente, porque cada amor es \u00fanico y merece ser celebrado con la flor perfecta que hable directamente al coraz\u00f3n de esa persona especial. \u00a0 San Valent\u00edn es el d\u00eda donde los corazones hablan a trav\u00e9s&hellip;","jetpack_sharing_enabled":true,"jetpack_likes_enabled":true,"_links":{"self":[{"href":"https:\/\/sinalu.uy\/en\/wp-json\/wp\/v2\/pages\/2356","targetHints":{"allow":["GET"]}}],"collection":[{"href":"https:\/\/sinalu.uy\/en\/wp-json\/wp\/v2\/pages"}],"about":[{"href":"https:\/\/sinalu.uy\/en\/wp-json\/wp\/v2\/types\/page"}],"author":[{"embeddable":true,"href":"https:\/\/sinalu.uy\/en\/wp-json\/wp\/v2\/users\/1"}],"replies":[{"embeddable":true,"href":"https:\/\/sinalu.uy\/en\/wp-json\/wp\/v2\/comments?post=2356"}],"version-history":[{"count":0,"href":"https:\/\/sinalu.uy\/en\/wp-json\/wp\/v2\/pages\/2356\/revisions"}],"up":[{"embeddable":true,"href":"https:\/\/sinalu.uy\/en\/wp-json\/wp\/v2\/pages\/2286"}],"wp:attachment":[{"href":"https:\/\/sinalu.uy\/en\/wp-json\/wp\/v2\/media?parent=2356"}],"curies":[{"name":"wp","href":"https:\/\/api.w.org\/{rel}","templated":true}]}}