{"id":2342,"date":"2025-09-18T02:33:35","date_gmt":"2025-09-18T02:33:35","guid":{"rendered":"https:\/\/sinalu.uy\/?page_id=2342"},"modified":"2025-11-15T21:53:36","modified_gmt":"2025-11-16T00:53:36","slug":"fiestas","status":"publish","type":"page","link":"https:\/\/sinalu.uy\/en\/ocasiones-especiales\/fiestas\/","title":{"rendered":"Fiestas"},"content":{"rendered":"<div data-elementor-type=\"wp-page\" data-elementor-id=\"2342\" class=\"elementor elementor-2342\">\n\t\t\t\t<div class=\"elementor-element elementor-element-9ee252c e-flex e-con-boxed e-con e-parent\" data-id=\"9ee252c\" data-element_type=\"container\" data-e-type=\"container\">\n\t\t\t\t\t<div class=\"e-con-inner\">\n\t\t\t\t<div class=\"elementor-element elementor-element-63e1a0c elementor-widget elementor-widget-heading\" data-id=\"63e1a0c\" data-element_type=\"widget\" data-e-type=\"widget\" data-widget_type=\"heading.default\">\n\t\t\t\t<div class=\"elementor-widget-container\">\n\t\t\t\t\t<h2 class=\"elementor-heading-title elementor-size-default\">Navidad - A\u00f1o nuevo<\/h2>\t\t\t\t<\/div>\n\t\t\t\t<\/div>\n\t\t\t\t<div class=\"elementor-element elementor-element-2d8f4dd elementor-widget elementor-widget-image\" data-id=\"2d8f4dd\" data-element_type=\"widget\" data-e-type=\"widget\" data-widget_type=\"image.default\">\n\t\t\t\t<div class=\"elementor-widget-container\">\n\t\t\t\t\t\t\t\t\t\t\t\t\t\t\t<img fetchpriority=\"high\" decoding=\"async\" width=\"300\" height=\"300\" src=\"https:\/\/i0.wp.com\/sinalu.uy\/wp-content\/uploads\/2025\/09\/g1e7b3531b08f35951698f85af9fa701b3b320f4f722a574fe80e94a3091f2cc5f14746ba82f8d799d072a5446887f36e704aa67c36c9772b08868d8f976ae395_1280-6688901.jpg?resize=300%2C300&amp;ssl=1\" class=\"attachment-woocommerce_thumbnail size-woocommerce_thumbnail wp-image-2297\" alt=\"wine, glasses, toast, holiday, celebration, year, gold, greeting, decoration, eve, golden, xmas, winter, merry, glitter, new year, shiny, happy new year, merry christmas, wine, new year, new year, new year, new year, new year\" srcset=\"https:\/\/i0.wp.com\/sinalu.uy\/wp-content\/uploads\/2025\/09\/g1e7b3531b08f35951698f85af9fa701b3b320f4f722a574fe80e94a3091f2cc5f14746ba82f8d799d072a5446887f36e704aa67c36c9772b08868d8f976ae395_1280-6688901.jpg?resize=300%2C300&amp;ssl=1 300w, https:\/\/i0.wp.com\/sinalu.uy\/wp-content\/uploads\/2025\/09\/g1e7b3531b08f35951698f85af9fa701b3b320f4f722a574fe80e94a3091f2cc5f14746ba82f8d799d072a5446887f36e704aa67c36c9772b08868d8f976ae395_1280-6688901.jpg?resize=100%2C100&amp;ssl=1 100w, https:\/\/i0.wp.com\/sinalu.uy\/wp-content\/uploads\/2025\/09\/g1e7b3531b08f35951698f85af9fa701b3b320f4f722a574fe80e94a3091f2cc5f14746ba82f8d799d072a5446887f36e704aa67c36c9772b08868d8f976ae395_1280-6688901.jpg?resize=150%2C150&amp;ssl=1 150w, https:\/\/i0.wp.com\/sinalu.uy\/wp-content\/uploads\/2025\/09\/g1e7b3531b08f35951698f85af9fa701b3b320f4f722a574fe80e94a3091f2cc5f14746ba82f8d799d072a5446887f36e704aa67c36c9772b08868d8f976ae395_1280-6688901.jpg?zoom=2&amp;resize=300%2C300&amp;ssl=1 600w, https:\/\/i0.wp.com\/sinalu.uy\/wp-content\/uploads\/2025\/09\/g1e7b3531b08f35951698f85af9fa701b3b320f4f722a574fe80e94a3091f2cc5f14746ba82f8d799d072a5446887f36e704aa67c36c9772b08868d8f976ae395_1280-6688901.jpg?zoom=3&amp;resize=300%2C300&amp;ssl=1 900w\" sizes=\"(max-width: 300px) 100vw, 300px\" \/>\t\t\t\t\t\t\t\t\t\t\t\t\t\t\t<\/div>\n\t\t\t\t<\/div>\n\t\t\t\t\t<\/div>\n\t\t\t\t<\/div>\n\t\t<div class=\"elementor-element elementor-element-cd5b681 e-flex e-con-boxed e-con e-parent\" data-id=\"cd5b681\" data-element_type=\"container\" data-e-type=\"container\">\n\t\t\t\t\t<div class=\"e-con-inner\">\n\t\t\t\t<div class=\"elementor-element elementor-element-7faceb2 elementor-widget elementor-widget-text-editor\" data-id=\"7faceb2\" data-element_type=\"widget\" data-e-type=\"widget\" data-widget_type=\"text-editor.default\">\n\t\t\t\t<div class=\"elementor-widget-container\">\n\t\t\t\t\t\t\t\t\t<p><span style=\"font-weight: 400;\">Ilumina las fiestas con la magia natural de la Navidad<\/span><\/p><p><span style=\"font-weight: 400;\">La temporada navide\u00f1a se viste de gala con nuestras creaciones especiales que capturan todo el esp\u00edritu festivo. Nuestros arreglos navide\u00f1os combinan la tradicional flor de nochebuena con elegantes rosas rojas, pinabetes arom\u00e1ticos y toques dorados que evocan la calidez del hogar. Desde coronas para la puerta hasta centros de mesa que ser\u00e1n el protagonista de tu cena navide\u00f1a, cada dise\u00f1o est\u00e1 pensado para crear esa atm\u00f3sfera m\u00e1gica que solo la Navidad puede ofrecer. Y para recibir el A\u00f1o Nuevo, nuestros arreglos en tonos blancos y dorados simbolizan la pureza de los nuevos comienzos y la prosperidad que est\u00e1 por venir.<\/span><\/p><p style=\"text-align: center;\">\u00a0<\/p>\t\t\t\t\t\t\t\t<\/div>\n\t\t\t\t<\/div>\n\t\t\t\t\t<\/div>\n\t\t\t\t<\/div>\n\t\t<div class=\"elementor-element elementor-element-392fae9 e-grid e-con-boxed e-con e-parent\" data-id=\"392fae9\" data-element_type=\"container\" data-e-type=\"container\">\n\t\t\t\t\t<div class=\"e-con-inner\">\n\t\t\t\t<div class=\"elementor-element elementor-element-39a3ca7 elementor-widget elementor-widget-image\" data-id=\"39a3ca7\" data-element_type=\"widget\" data-e-type=\"widget\" data-widget_type=\"image.default\">\n\t\t\t\t<div class=\"elementor-widget-container\">\n\t\t\t\t\t\t\t\t\t\t\t\t\t\t\t<img decoding=\"async\" width=\"300\" height=\"300\" src=\"https:\/\/i0.wp.com\/sinalu.uy\/wp-content\/uploads\/2025\/09\/pexels-photo-688573-688573-scaled.jpg?resize=300%2C300&amp;ssl=1\" class=\"attachment-woocommerce_thumbnail size-woocommerce_thumbnail wp-image-2343\" alt=\"A beautifully decorated Christmas tree with lights and ornaments, capturing holiday spirit indoors.\" srcset=\"https:\/\/i0.wp.com\/sinalu.uy\/wp-content\/uploads\/2025\/09\/pexels-photo-688573-688573-scaled.jpg?resize=300%2C300&amp;ssl=1 300w, https:\/\/i0.wp.com\/sinalu.uy\/wp-content\/uploads\/2025\/09\/pexels-photo-688573-688573-scaled.jpg?resize=100%2C100&amp;ssl=1 100w, https:\/\/i0.wp.com\/sinalu.uy\/wp-content\/uploads\/2025\/09\/pexels-photo-688573-688573-scaled.jpg?resize=150%2C150&amp;ssl=1 150w, https:\/\/i0.wp.com\/sinalu.uy\/wp-content\/uploads\/2025\/09\/pexels-photo-688573-688573-scaled.jpg?zoom=2&amp;resize=300%2C300&amp;ssl=1 600w, https:\/\/i0.wp.com\/sinalu.uy\/wp-content\/uploads\/2025\/09\/pexels-photo-688573-688573-scaled.jpg?zoom=3&amp;resize=300%2C300&amp;ssl=1 900w\" sizes=\"(max-width: 300px) 100vw, 300px\" \/>\t\t\t\t\t\t\t\t\t\t\t\t\t\t\t<\/div>\n\t\t\t\t<\/div>\n\t\t\t\t<div class=\"elementor-element elementor-element-f8f0d43 elementor-widget elementor-widget-image\" data-id=\"f8f0d43\" data-element_type=\"widget\" data-e-type=\"widget\" data-widget_type=\"image.default\">\n\t\t\t\t<div class=\"elementor-widget-container\">\n\t\t\t\t\t\t\t\t\t\t\t\t\t\t\t<img decoding=\"async\" width=\"274\" height=\"184\" src=\"https:\/\/i0.wp.com\/sinalu.uy\/wp-content\/uploads\/2025\/09\/navidad-1.jpg?resize=274%2C184&amp;ssl=1\" class=\"attachment-woocommerce_thumbnail size-woocommerce_thumbnail wp-image-2344\" alt=\"arreglo floral navide\u00f1o\" \/>\t\t\t\t\t\t\t\t\t\t\t\t\t\t\t<\/div>\n\t\t\t\t<\/div>\n\t\t\t\t<div class=\"elementor-element elementor-element-fc2a164 elementor-widget elementor-widget-image\" data-id=\"fc2a164\" data-element_type=\"widget\" data-e-type=\"widget\" data-widget_type=\"image.default\">\n\t\t\t\t<div class=\"elementor-widget-container\">\n\t\t\t\t\t\t\t\t\t\t\t\t\t\t\t<img loading=\"lazy\" decoding=\"async\" width=\"225\" height=\"225\" src=\"https:\/\/i0.wp.com\/sinalu.uy\/wp-content\/uploads\/2025\/09\/navidad-2.jpg?resize=225%2C225&amp;ssl=1\" class=\"attachment-woocommerce_thumbnail size-woocommerce_thumbnail wp-image-2345\" alt=\"flor de navidad color roja vibrante\" srcset=\"https:\/\/i0.wp.com\/sinalu.uy\/wp-content\/uploads\/2025\/09\/navidad-2.jpg?w=225&amp;ssl=1 225w, https:\/\/i0.wp.com\/sinalu.uy\/wp-content\/uploads\/2025\/09\/navidad-2.jpg?resize=100%2C100&amp;ssl=1 100w, https:\/\/i0.wp.com\/sinalu.uy\/wp-content\/uploads\/2025\/09\/navidad-2.jpg?resize=150%2C150&amp;ssl=1 150w\" sizes=\"(max-width: 225px) 100vw, 225px\" \/>\t\t\t\t\t\t\t\t\t\t\t\t\t\t\t<\/div>\n\t\t\t\t<\/div>\n\t\t\t\t<div class=\"elementor-element elementor-element-53c361f elementor-widget elementor-widget-image\" data-id=\"53c361f\" data-element_type=\"widget\" data-e-type=\"widget\" data-widget_type=\"image.default\">\n\t\t\t\t<div class=\"elementor-widget-container\">\n\t\t\t\t\t\t\t\t\t\t\t\t\t\t\t<img loading=\"lazy\" decoding=\"async\" width=\"206\" height=\"245\" src=\"https:\/\/i0.wp.com\/sinalu.uy\/wp-content\/uploads\/2025\/09\/navidad-3.jpg?resize=206%2C245&amp;ssl=1\" class=\"attachment-woocommerce_thumbnail size-woocommerce_thumbnail wp-image-2346\" alt=\"\u00e1rbol de navidad con plantas\" \/>\t\t\t\t\t\t\t\t\t\t\t\t\t\t\t<\/div>\n\t\t\t\t<\/div>\n\t\t\t\t<div class=\"elementor-element elementor-element-8bba872 elementor-widget elementor-widget-image\" data-id=\"8bba872\" data-element_type=\"widget\" data-e-type=\"widget\" data-widget_type=\"image.default\">\n\t\t\t\t<div class=\"elementor-widget-container\">\n\t\t\t\t\t\t\t\t\t\t\t\t\t\t\t<img loading=\"lazy\" decoding=\"async\" width=\"300\" height=\"168\" src=\"https:\/\/i0.wp.com\/sinalu.uy\/wp-content\/uploads\/2025\/09\/images.jpg?resize=300%2C168&amp;ssl=1\" class=\"attachment-woocommerce_thumbnail size-woocommerce_thumbnail wp-image-2347\" alt=\"adorno navide\u00f1o con flores follaje y velas\" \/>\t\t\t\t\t\t\t\t\t\t\t\t\t\t\t<\/div>\n\t\t\t\t<\/div>\n\t\t\t\t<div class=\"elementor-element elementor-element-4aa6949 elementor-widget elementor-widget-image\" data-id=\"4aa6949\" data-element_type=\"widget\" data-e-type=\"widget\" data-widget_type=\"image.default\">\n\t\t\t\t<div class=\"elementor-widget-container\">\n\t\t\t\t\t\t\t\t\t\t\t\t\t\t\t<img loading=\"lazy\" decoding=\"async\" width=\"225\" height=\"225\" src=\"https:\/\/i0.wp.com\/sinalu.uy\/wp-content\/uploads\/2025\/09\/images-1.jpg?resize=225%2C225&amp;ssl=1\" class=\"attachment-woocommerce_thumbnail size-woocommerce_thumbnail wp-image-2348\" alt=\"buqu\u00e9 de flores en jarr\u00f3n de vidrio\" srcset=\"https:\/\/i0.wp.com\/sinalu.uy\/wp-content\/uploads\/2025\/09\/images-1.jpg?w=225&amp;ssl=1 225w, https:\/\/i0.wp.com\/sinalu.uy\/wp-content\/uploads\/2025\/09\/images-1.jpg?resize=100%2C100&amp;ssl=1 100w, https:\/\/i0.wp.com\/sinalu.uy\/wp-content\/uploads\/2025\/09\/images-1.jpg?resize=150%2C150&amp;ssl=1 150w\" sizes=\"(max-width: 225px) 100vw, 225px\" \/>\t\t\t\t\t\t\t\t\t\t\t\t\t\t\t<\/div>\n\t\t\t\t<\/div>\n\t\t\t\t\t<\/div>\n\t\t\t\t<\/div>\n\t\t\t\t<\/div>","protected":false},"excerpt":{"rendered":"<p>Navidad &#8211; A\u00f1o nuevo Ilumina las fiestas con la magia natural de la Navidad La temporada navide\u00f1a se viste de gala con nuestras creaciones especiales que capturan todo el esp\u00edritu festivo. Nuestros arreglos navide\u00f1os combinan la tradicional flor de nochebuena con elegantes rosas rojas, pinabetes arom\u00e1ticos y toques dorados que evocan la calidez del hogar. [&hellip;]<\/p>\n","protected":false},"author":1,"featured_media":0,"parent":2286,"menu_order":0,"comment_status":"closed","ping_status":"closed","template":"","meta":{"_uag_custom_page_level_css":"","footnotes":""},"class_list":["post-2342","page","type-page","status-publish","hentry"],"aioseo_notices":[],"uagb_featured_image_src":{"full":false,"thumbnail":false,"medium":false,"medium_large":false,"large":false,"1536x1536":false,"2048x2048":false,"trp-custom-language-flag":false,"woocommerce_thumbnail":false,"woocommerce_single":false,"woocommerce_gallery_thumbnail":false},"uagb_author_info":{"display_name":"Nadia","author_link":"https:\/\/sinalu.uy\/en\/author\/nadia-r-218gmail-com\/"},"uagb_comment_info":0,"uagb_excerpt":"Navidad &#8211; A\u00f1o nuevo Ilumina las fiestas con la magia natural de la Navidad La temporada navide\u00f1a se viste de gala con nuestras creaciones especiales que capturan todo el esp\u00edritu festivo. Nuestros arreglos navide\u00f1os combinan la tradicional flor de nochebuena con elegantes rosas rojas, pinabetes arom\u00e1ticos y toques dorados que evocan la calidez del hogar.&hellip;","jetpack_sharing_enabled":true,"jetpack_likes_enabled":true,"_links":{"self":[{"href":"https:\/\/sinalu.uy\/en\/wp-json\/wp\/v2\/pages\/2342","targetHints":{"allow":["GET"]}}],"collection":[{"href":"https:\/\/sinalu.uy\/en\/wp-json\/wp\/v2\/pages"}],"about":[{"href":"https:\/\/sinalu.uy\/en\/wp-json\/wp\/v2\/types\/page"}],"author":[{"embeddable":true,"href":"https:\/\/sinalu.uy\/en\/wp-json\/wp\/v2\/users\/1"}],"replies":[{"embeddable":true,"href":"https:\/\/sinalu.uy\/en\/wp-json\/wp\/v2\/comments?post=2342"}],"version-history":[{"count":0,"href":"https:\/\/sinalu.uy\/en\/wp-json\/wp\/v2\/pages\/2342\/revisions"}],"up":[{"embeddable":true,"href":"https:\/\/sinalu.uy\/en\/wp-json\/wp\/v2\/pages\/2286"}],"wp:attachment":[{"href":"https:\/\/sinalu.uy\/en\/wp-json\/wp\/v2\/media?parent=2342"}],"curies":[{"name":"wp","href":"https:\/\/api.w.org\/{rel}","templated":true}]}}