{"id":2286,"date":"2025-09-17T14:30:47","date_gmt":"2025-09-17T14:30:47","guid":{"rendered":"https:\/\/sinalu.uy\/?page_id=2286"},"modified":"2025-11-15T22:20:03","modified_gmt":"2025-11-16T01:20:03","slug":"ocasiones-especiales","status":"publish","type":"page","link":"https:\/\/sinalu.uy\/en\/ocasiones-especiales\/","title":{"rendered":"Ocasiones especiales"},"content":{"rendered":"<div data-elementor-type=\"wp-page\" data-elementor-id=\"2286\" class=\"elementor elementor-2286\">\n\t\t\t\t<div class=\"elementor-element elementor-element-ad7aeb5 e-flex e-con-boxed e-con e-parent\" data-id=\"ad7aeb5\" data-element_type=\"container\" data-e-type=\"container\">\n\t\t\t\t\t<div class=\"e-con-inner\">\n\t\t\t\t<div class=\"elementor-element elementor-element-f7740ba elementor-widget elementor-widget-heading\" data-id=\"f7740ba\" data-element_type=\"widget\" data-e-type=\"widget\" data-widget_type=\"heading.default\">\n\t\t\t\t<div class=\"elementor-widget-container\">\n\t\t\t\t\t<h2 class=\"elementor-heading-title elementor-size-default\">Ocasiones especiales<\/h2>\t\t\t\t<\/div>\n\t\t\t\t<\/div>\n\t\t\t\t<div class=\"elementor-element elementor-element-0d2b2cf elementor-widget__width-initial elementor-widget elementor-widget-image\" data-id=\"0d2b2cf\" data-element_type=\"widget\" data-e-type=\"widget\" data-widget_type=\"image.default\">\n\t\t\t\t<div class=\"elementor-widget-container\">\n\t\t\t\t\t\t\t\t\t\t\t\t\t\t\t<img fetchpriority=\"high\" decoding=\"async\" width=\"600\" height=\"478\" src=\"https:\/\/i0.wp.com\/sinalu.uy\/wp-content\/uploads\/2025\/09\/pexels-photo-426905-426905-scaled.jpg?fit=600%2C478&amp;ssl=1\" class=\"attachment-woocommerce_single size-woocommerce_single wp-image-2290\" alt=\"A beautifully arranged bouquet in a decorative gift box with polka dot lining, perfect for celebrations.\" srcset=\"https:\/\/i0.wp.com\/sinalu.uy\/wp-content\/uploads\/2025\/09\/pexels-photo-426905-426905-scaled.jpg?w=2560&amp;ssl=1 2560w, https:\/\/i0.wp.com\/sinalu.uy\/wp-content\/uploads\/2025\/09\/pexels-photo-426905-426905-scaled.jpg?resize=600%2C478&amp;ssl=1 600w, https:\/\/i0.wp.com\/sinalu.uy\/wp-content\/uploads\/2025\/09\/pexels-photo-426905-426905-scaled.jpg?resize=300%2C239&amp;ssl=1 300w, https:\/\/i0.wp.com\/sinalu.uy\/wp-content\/uploads\/2025\/09\/pexels-photo-426905-426905-scaled.jpg?resize=1024%2C816&amp;ssl=1 1024w, https:\/\/i0.wp.com\/sinalu.uy\/wp-content\/uploads\/2025\/09\/pexels-photo-426905-426905-scaled.jpg?resize=768%2C612&amp;ssl=1 768w, https:\/\/i0.wp.com\/sinalu.uy\/wp-content\/uploads\/2025\/09\/pexels-photo-426905-426905-scaled.jpg?resize=1536%2C1223&amp;ssl=1 1536w, https:\/\/i0.wp.com\/sinalu.uy\/wp-content\/uploads\/2025\/09\/pexels-photo-426905-426905-scaled.jpg?resize=2048%2C1631&amp;ssl=1 2048w\" sizes=\"(max-width: 600px) 100vw, 600px\" \/>\t\t\t\t\t\t\t\t\t\t\t\t\t\t\t<\/div>\n\t\t\t\t<\/div>\n\t\t\t\t\t<\/div>\n\t\t\t\t<\/div>\n\t\t<div class=\"elementor-element elementor-element-f26affb e-con-full e-flex e-con e-parent\" data-id=\"f26affb\" data-element_type=\"container\" data-e-type=\"container\">\n\t\t\t\t<div class=\"elementor-element elementor-element-c5d425d elementor-widget elementor-widget-text-editor\" data-id=\"c5d425d\" data-element_type=\"widget\" data-e-type=\"widget\" data-widget_type=\"text-editor.default\">\n\t\t\t\t<div class=\"elementor-widget-container\">\n\t\t\t\t\t\t\t\t\t<p><span style=\"font-weight: 400;\">Celebra cada momento especial con la belleza natural de nuestras flores<\/span><\/p><p><span style=\"font-weight: 400;\">En cada ocasi\u00f3n importante de la vida, las flores y plantas son el regalo perfecto para expresar lo que las palabras no pueden decir. Desde un delicado ramo de rosas hasta una elegante orqu\u00eddea, cada una de nuestras creaciones est\u00e1 dise\u00f1ada para transmitir emociones y crear recuerdos inolvidables. Con a\u00f1os de experiencia y pasi\u00f3n por la floricultura, nos especializamos en hacer de cada momento una celebraci\u00f3n \u00fanica, ofreciendo la m\u00e1s alta calidad y frescura en cada arreglo. Porque sabemos que los momentos especiales merecen flores especiales.<\/span><\/p>\t\t\t\t\t\t\t\t<\/div>\n\t\t\t\t<\/div>\n\t\t\t\t<\/div>\n\t\t<div class=\"elementor-element elementor-element-3699ea1 e-flex e-con-boxed e-con e-parent\" data-id=\"3699ea1\" data-element_type=\"container\" data-e-type=\"container\">\n\t\t\t\t\t<div class=\"e-con-inner\">\n\t\t<div class=\"elementor-element elementor-element-254aeb7 e-con-full e-flex e-con e-child\" data-id=\"254aeb7\" data-element_type=\"container\" data-e-type=\"container\">\n\t\t\t\t<div class=\"elementor-element elementor-element-b64cbf9 elementor-widget elementor-widget-text-editor\" data-id=\"b64cbf9\" data-element_type=\"widget\" data-e-type=\"widget\" data-widget_type=\"text-editor.default\">\n\t\t\t\t<div class=\"elementor-widget-container\">\n\t\t\t\t\t\t\t\t\t<p style=\"text-align: center;\"><span style=\"font-weight: 400;\">\u00abTodos nuestros arreglos est\u00e1n elaborados con flores frescas de la m\u00e1s alta calidad y pueden personalizarse seg\u00fan tus preferencias\u00bb<\/span><\/p><p style=\"text-align: center;\"><span style=\"font-weight: 400;\"> Realizamos entregas a domicilio y servicios corporativo<\/span><\/p>\t\t\t\t\t\t\t\t<\/div>\n\t\t\t\t<\/div>\n\t\t\t\t<div class=\"elementor-element elementor-element-d6248ba elementor-widget elementor-widget-text-editor\" data-id=\"d6248ba\" data-element_type=\"widget\" data-e-type=\"widget\" data-widget_type=\"text-editor.default\">\n\t\t\t\t<div class=\"elementor-widget-container\">\n\t\t\t\t\t\t\t\t\t<p style=\"text-align: center;\"><span style=\"font-weight: 400;\">\u00abCelebra junto a la naturaleza esos d\u00edas especiales\u00bb<\/span><\/p>\t\t\t\t\t\t\t\t<\/div>\n\t\t\t\t<\/div>\n\t\t\t\t<\/div>\n\t\t<div class=\"elementor-element elementor-element-5b64849 e-con-full e-flex e-con e-child\" data-id=\"5b64849\" data-element_type=\"container\" data-e-type=\"container\">\n\t\t\t\t<div class=\"elementor-element elementor-element-6e2d982 elementor-widget elementor-widget-image\" data-id=\"6e2d982\" data-element_type=\"widget\" data-e-type=\"widget\" data-widget_type=\"image.default\">\n\t\t\t\t<div class=\"elementor-widget-container\">\n\t\t\t\t\t\t\t\t\t\t\t\t\t\t\t<img decoding=\"async\" width=\"300\" height=\"300\" src=\"https:\/\/i0.wp.com\/sinalu.uy\/wp-content\/uploads\/2025\/09\/e487d67f-671f-4c6c-8478-04d1be4912ce.webp?resize=300%2C300&amp;ssl=1\" class=\"attachment-woocommerce_thumbnail size-woocommerce_thumbnail wp-image-2312\" alt=\"arreglo floral con diversas flores blancas en jarr\u00f3n de vidrio\" srcset=\"https:\/\/i0.wp.com\/sinalu.uy\/wp-content\/uploads\/2025\/09\/e487d67f-671f-4c6c-8478-04d1be4912ce.webp?w=1024&amp;ssl=1 1024w, https:\/\/i0.wp.com\/sinalu.uy\/wp-content\/uploads\/2025\/09\/e487d67f-671f-4c6c-8478-04d1be4912ce.webp?resize=300%2C300&amp;ssl=1 300w, https:\/\/i0.wp.com\/sinalu.uy\/wp-content\/uploads\/2025\/09\/e487d67f-671f-4c6c-8478-04d1be4912ce.webp?resize=100%2C100&amp;ssl=1 100w, https:\/\/i0.wp.com\/sinalu.uy\/wp-content\/uploads\/2025\/09\/e487d67f-671f-4c6c-8478-04d1be4912ce.webp?resize=600%2C600&amp;ssl=1 600w, https:\/\/i0.wp.com\/sinalu.uy\/wp-content\/uploads\/2025\/09\/e487d67f-671f-4c6c-8478-04d1be4912ce.webp?resize=150%2C150&amp;ssl=1 150w, https:\/\/i0.wp.com\/sinalu.uy\/wp-content\/uploads\/2025\/09\/e487d67f-671f-4c6c-8478-04d1be4912ce.webp?resize=768%2C768&amp;ssl=1 768w\" sizes=\"(max-width: 300px) 100vw, 300px\" \/>\t\t\t\t\t\t\t\t\t\t\t\t\t\t\t<\/div>\n\t\t\t\t<\/div>\n\t\t\t\t<\/div>\n\t\t\t\t\t<\/div>\n\t\t\t\t<\/div>\n\t\t\t\t<\/div>","protected":false},"excerpt":{"rendered":"<p>Ocasiones especiales Celebra cada momento especial con la belleza natural de nuestras flores En cada ocasi\u00f3n importante de la vida, las flores y plantas son el regalo perfecto para expresar lo que las palabras no pueden decir. Desde un delicado ramo de rosas hasta una elegante orqu\u00eddea, cada una de nuestras creaciones est\u00e1 dise\u00f1ada para [&hellip;]<\/p>\n","protected":false},"author":1,"featured_media":0,"parent":0,"menu_order":0,"comment_status":"closed","ping_status":"closed","template":"","meta":{"_uag_custom_page_level_css":"","footnotes":""},"class_list":["post-2286","page","type-page","status-publish","hentry"],"aioseo_notices":[],"uagb_featured_image_src":{"full":false,"thumbnail":false,"medium":false,"medium_large":false,"large":false,"1536x1536":false,"2048x2048":false,"trp-custom-language-flag":false,"woocommerce_thumbnail":false,"woocommerce_single":false,"woocommerce_gallery_thumbnail":false},"uagb_author_info":{"display_name":"Nadia","author_link":"https:\/\/sinalu.uy\/en\/author\/nadia-r-218gmail-com\/"},"uagb_comment_info":0,"uagb_excerpt":"Ocasiones especiales Celebra cada momento especial con la belleza natural de nuestras flores En cada ocasi\u00f3n importante de la vida, las flores y plantas son el regalo perfecto para expresar lo que las palabras no pueden decir. Desde un delicado ramo de rosas hasta una elegante orqu\u00eddea, cada una de nuestras creaciones est\u00e1 dise\u00f1ada para&hellip;","jetpack_sharing_enabled":true,"jetpack_likes_enabled":true,"_links":{"self":[{"href":"https:\/\/sinalu.uy\/en\/wp-json\/wp\/v2\/pages\/2286","targetHints":{"allow":["GET"]}}],"collection":[{"href":"https:\/\/sinalu.uy\/en\/wp-json\/wp\/v2\/pages"}],"about":[{"href":"https:\/\/sinalu.uy\/en\/wp-json\/wp\/v2\/types\/page"}],"author":[{"embeddable":true,"href":"https:\/\/sinalu.uy\/en\/wp-json\/wp\/v2\/users\/1"}],"replies":[{"embeddable":true,"href":"https:\/\/sinalu.uy\/en\/wp-json\/wp\/v2\/comments?post=2286"}],"version-history":[{"count":0,"href":"https:\/\/sinalu.uy\/en\/wp-json\/wp\/v2\/pages\/2286\/revisions"}],"wp:attachment":[{"href":"https:\/\/sinalu.uy\/en\/wp-json\/wp\/v2\/media?parent=2286"}],"curies":[{"name":"wp","href":"https:\/\/api.w.org\/{rel}","templated":true}]}}