{"id":2265,"date":"2025-09-16T23:24:37","date_gmt":"2025-09-16T23:24:37","guid":{"rendered":"https:\/\/sinalu.uy\/?page_id=2265"},"modified":"2025-10-30T00:15:48","modified_gmt":"2025-10-30T00:15:48","slug":"bienvenida","status":"publish","type":"page","link":"https:\/\/sinalu.uy\/en\/bienvenida\/","title":{"rendered":"Bienvenida"},"content":{"rendered":"<div data-elementor-type=\"wp-page\" data-elementor-id=\"2265\" class=\"elementor elementor-2265\">\n\t\t\t\t<div class=\"elementor-element elementor-element-e850330 e-flex e-con-boxed e-con e-parent\" data-id=\"e850330\" data-element_type=\"container\" data-e-type=\"container\">\n\t\t\t\t\t<div class=\"e-con-inner\">\n\t\t<div class=\"elementor-element elementor-element-e0c07e3 e-con-full e-flex e-con e-child\" data-id=\"e0c07e3\" data-element_type=\"container\" data-e-type=\"container\">\n\t\t\t\t<div class=\"elementor-element elementor-element-ddb1bca elementor-widget elementor-widget-heading\" data-id=\"ddb1bca\" data-element_type=\"widget\" data-e-type=\"widget\" data-widget_type=\"heading.default\">\n\t\t\t\t<div class=\"elementor-widget-container\">\n\t\t\t\t\t<h2 class=\"elementor-heading-title elementor-size-default\">BIENVENIDA<\/h2>\t\t\t\t<\/div>\n\t\t\t\t<\/div>\n\t\t\t\t<div class=\"elementor-element elementor-element-aa40abe elementor-widget elementor-widget-text-editor\" data-id=\"aa40abe\" data-element_type=\"widget\" data-e-type=\"widget\" data-widget_type=\"text-editor.default\">\n\t\t\t\t<div class=\"elementor-widget-container\">\n\t\t\t\t\t\t\t\t\t<p><span style=\"font-weight: 400;\">Bienvenidos a Sinalu Plantas y Flores !<\/span><\/p><p><span style=\"font-weight: 400;\">Aqu\u00ed la naturaleza cobra vida en cada rinc\u00f3n. Nuestro compromiso es ofrecerte una variedad excepcional de plantas y flores que transformar\u00e1n tu hogar y jard\u00edn en un oasis de belleza y frescura. Ya sea que busques plantas de interior o exterior, flores para ocasiones especiales o asesoramiento sobre jardiner\u00eda. Nuestro equipo est\u00e1 aqu\u00ed para ayudarte a encontrar lo que necesitas.<\/span><\/p><p><span style=\"font-weight: 400;\">Navega por nuestro cat\u00e1logo y descubre la magia de la naturaleza.<\/span><\/p><p><span style=\"font-weight: 400;\">\u00a1Gracias por elegirnos!<\/span><\/p>\t\t\t\t\t\t\t\t<\/div>\n\t\t\t\t<\/div>\n\t\t\t\t<\/div>\n\t\t<div class=\"elementor-element elementor-element-6be47ac e-con-full e-flex e-con e-child\" data-id=\"6be47ac\" data-element_type=\"container\" data-e-type=\"container\">\n\t\t\t\t<div class=\"elementor-element elementor-element-a6a2b37 elementor-widget elementor-widget-image\" data-id=\"a6a2b37\" data-element_type=\"widget\" data-e-type=\"widget\" data-widget_type=\"image.default\">\n\t\t\t\t<div class=\"elementor-widget-container\">\n\t\t\t\t\t\t\t\t\t\t\t\t\t\t\t<img fetchpriority=\"high\" decoding=\"async\" width=\"512\" height=\"512\" src=\"https:\/\/i0.wp.com\/sinalu.uy\/wp-content\/uploads\/2025\/08\/Diseno-sin-titulo.png?fit=512%2C512&amp;ssl=1\" class=\"attachment-large size-large wp-image-2140\" alt=\"imagen que identifica la marca de sinalu, logo\" srcset=\"https:\/\/i0.wp.com\/sinalu.uy\/wp-content\/uploads\/2025\/08\/Diseno-sin-titulo.png?w=512&amp;ssl=1 512w, https:\/\/i0.wp.com\/sinalu.uy\/wp-content\/uploads\/2025\/08\/Diseno-sin-titulo.png?resize=300%2C300&amp;ssl=1 300w, https:\/\/i0.wp.com\/sinalu.uy\/wp-content\/uploads\/2025\/08\/Diseno-sin-titulo.png?resize=100%2C100&amp;ssl=1 100w, https:\/\/i0.wp.com\/sinalu.uy\/wp-content\/uploads\/2025\/08\/Diseno-sin-titulo.png?resize=150%2C150&amp;ssl=1 150w\" sizes=\"(max-width: 512px) 100vw, 512px\" \/>\t\t\t\t\t\t\t\t\t\t\t\t\t\t\t<\/div>\n\t\t\t\t<\/div>\n\t\t\t\t<\/div>\n\t\t\t\t\t<\/div>\n\t\t\t\t<\/div>\n\t\t\t\t<\/div>","protected":false},"excerpt":{"rendered":"<p>BIENVENIDA Bienvenidos a Sinalu Plantas y Flores ! Aqu\u00ed la naturaleza cobra vida en cada rinc\u00f3n. Nuestro compromiso es ofrecerte una variedad excepcional de plantas y flores que transformar\u00e1n tu hogar y jard\u00edn en un oasis de belleza y frescura. Ya sea que busques plantas de interior o exterior, flores para ocasiones especiales o asesoramiento [&hellip;]<\/p>\n","protected":false},"author":1,"featured_media":0,"parent":0,"menu_order":0,"comment_status":"closed","ping_status":"closed","template":"","meta":{"_uag_custom_page_level_css":"","footnotes":""},"class_list":["post-2265","page","type-page","status-publish","hentry"],"aioseo_notices":[],"uagb_featured_image_src":{"full":false,"thumbnail":false,"medium":false,"medium_large":false,"large":false,"1536x1536":false,"2048x2048":false,"trp-custom-language-flag":false,"woocommerce_thumbnail":false,"woocommerce_single":false,"woocommerce_gallery_thumbnail":false},"uagb_author_info":{"display_name":"Nadia","author_link":"https:\/\/sinalu.uy\/en\/author\/nadia-r-218gmail-com\/"},"uagb_comment_info":0,"uagb_excerpt":"BIENVENIDA Bienvenidos a Sinalu Plantas y Flores ! Aqu\u00ed la naturaleza cobra vida en cada rinc\u00f3n. Nuestro compromiso es ofrecerte una variedad excepcional de plantas y flores que transformar\u00e1n tu hogar y jard\u00edn en un oasis de belleza y frescura. Ya sea que busques plantas de interior o exterior, flores para ocasiones especiales o asesoramiento&hellip;","jetpack_sharing_enabled":true,"jetpack_likes_enabled":true,"_links":{"self":[{"href":"https:\/\/sinalu.uy\/en\/wp-json\/wp\/v2\/pages\/2265","targetHints":{"allow":["GET"]}}],"collection":[{"href":"https:\/\/sinalu.uy\/en\/wp-json\/wp\/v2\/pages"}],"about":[{"href":"https:\/\/sinalu.uy\/en\/wp-json\/wp\/v2\/types\/page"}],"author":[{"embeddable":true,"href":"https:\/\/sinalu.uy\/en\/wp-json\/wp\/v2\/users\/1"}],"replies":[{"embeddable":true,"href":"https:\/\/sinalu.uy\/en\/wp-json\/wp\/v2\/comments?post=2265"}],"version-history":[{"count":0,"href":"https:\/\/sinalu.uy\/en\/wp-json\/wp\/v2\/pages\/2265\/revisions"}],"wp:attachment":[{"href":"https:\/\/sinalu.uy\/en\/wp-json\/wp\/v2\/media?parent=2265"}],"curies":[{"name":"wp","href":"https:\/\/api.w.org\/{rel}","templated":true}]}}