{"id":2253,"date":"2025-09-16T22:40:01","date_gmt":"2025-09-16T22:40:01","guid":{"rendered":"https:\/\/sinalu.uy\/?page_id=2253"},"modified":"2025-11-15T18:24:52","modified_gmt":"2025-11-15T21:24:52","slug":"nosotros","status":"publish","type":"page","link":"https:\/\/sinalu.uy\/en\/nosotros\/","title":{"rendered":"Nosotros"},"content":{"rendered":"<div data-elementor-type=\"wp-page\" data-elementor-id=\"2253\" class=\"elementor elementor-2253\">\n\t\t\t\t<div class=\"elementor-element elementor-element-5b2d767 e-flex e-con-boxed e-con e-parent\" data-id=\"5b2d767\" data-element_type=\"container\" data-e-type=\"container\">\n\t\t\t\t\t<div class=\"e-con-inner\">\n\t\t\t\t<div class=\"elementor-element elementor-element-43f634a elementor-widget elementor-widget-heading\" data-id=\"43f634a\" data-element_type=\"widget\" data-e-type=\"widget\" data-widget_type=\"heading.default\">\n\t\t\t\t<div class=\"elementor-widget-container\">\n\t\t\t\t\t<h2 class=\"elementor-heading-title elementor-size-default\">NUESTRA HISTORIA<\/h2>\t\t\t\t<\/div>\n\t\t\t\t<\/div>\n\t\t\t\t\t<\/div>\n\t\t\t\t<\/div>\n\t\t<div class=\"elementor-element elementor-element-dcc4ba9 e-con-full e-flex e-con e-parent\" data-id=\"dcc4ba9\" data-element_type=\"container\" data-e-type=\"container\">\n\t\t\t\t<div class=\"elementor-element elementor-element-8fc667a elementor-widget elementor-widget-text-editor\" data-id=\"8fc667a\" data-element_type=\"widget\" data-e-type=\"widget\" data-widget_type=\"text-editor.default\">\n\t\t\t\t<div class=\"elementor-widget-container\">\n\t\t\t\t\t\t\t\t\t<p><span style=\"font-weight: 400;\">Sinalu es una empresa familiar, con experiencia en el apasionante mundo de las plantas y flores. Nos especializamos en la comercializaci\u00f3n de productos tanto naturales como artificiales,ofreciendo una amplia gama de opciones para embellecer cualquier espacio.<\/span><\/p><p><span style=\"font-weight: 400;\">Nos dedicamos a la producci\u00f3n y reproducci\u00f3n de plantas arom\u00e1ticas,semi-le\u00f1osas y ornamentales ideales tanto para interiores como exteriores.Adem\u00e1s,combinamos la artesan\u00eda con suculentas y cactus,creando piezas \u00fanicas y personalizadas que reflejan la belleza de la naturaleza.<\/span><\/p><p><span style=\"font-weight: 400;\">Nuestra oferta incluye tambi\u00e9n flores de corte frescas y arreglos florales personalizados\u00a0 dise\u00f1ados para cualquier ocasi\u00f3n.<\/span><\/p>\t\t\t\t\t\t\t\t<\/div>\n\t\t\t\t<\/div>\n\t\t\t\t<\/div>\n\t\t<div class=\"elementor-element elementor-element-db0c24b e-flex e-con-boxed e-con e-parent\" data-id=\"db0c24b\" data-element_type=\"container\" data-e-type=\"container\">\n\t\t\t\t\t<div class=\"e-con-inner\">\n\t\t<div class=\"elementor-element elementor-element-96054fa e-con-full e-flex e-con e-child\" data-id=\"96054fa\" data-element_type=\"container\" data-e-type=\"container\">\n\t\t\t\t<div class=\"elementor-element elementor-element-cdbb6a0 elementor-widget elementor-widget-image\" data-id=\"cdbb6a0\" data-element_type=\"widget\" data-e-type=\"widget\" data-widget_type=\"image.default\">\n\t\t\t\t<div class=\"elementor-widget-container\">\n\t\t\t\t\t\t\t\t\t\t\t\t\t\t\t<img fetchpriority=\"high\" decoding=\"async\" width=\"300\" height=\"300\" src=\"https:\/\/i0.wp.com\/sinalu.uy\/wp-content\/uploads\/2025\/09\/foto-socios-2-scaled.jpg?resize=300%2C300&amp;ssl=1\" class=\"attachment-woocommerce_thumbnail size-woocommerce_thumbnail wp-image-2578\" alt=\"\" srcset=\"https:\/\/i0.wp.com\/sinalu.uy\/wp-content\/uploads\/2025\/09\/foto-socios-2-scaled.jpg?resize=300%2C300&amp;ssl=1 300w, https:\/\/i0.wp.com\/sinalu.uy\/wp-content\/uploads\/2025\/09\/foto-socios-2-scaled.jpg?resize=100%2C100&amp;ssl=1 100w, https:\/\/i0.wp.com\/sinalu.uy\/wp-content\/uploads\/2025\/09\/foto-socios-2-scaled.jpg?resize=150%2C150&amp;ssl=1 150w, https:\/\/i0.wp.com\/sinalu.uy\/wp-content\/uploads\/2025\/09\/foto-socios-2-scaled.jpg?zoom=2&amp;resize=300%2C300&amp;ssl=1 600w, https:\/\/i0.wp.com\/sinalu.uy\/wp-content\/uploads\/2025\/09\/foto-socios-2-scaled.jpg?zoom=3&amp;resize=300%2C300&amp;ssl=1 900w\" sizes=\"(max-width: 300px) 100vw, 300px\" \/>\t\t\t\t\t\t\t\t\t\t\t\t\t\t\t<\/div>\n\t\t\t\t<\/div>\n\t\t\t\t<\/div>\n\t\t<div class=\"elementor-element elementor-element-0d33ee8 e-con-full e-flex e-con e-child\" data-id=\"0d33ee8\" data-element_type=\"container\" data-e-type=\"container\">\n\t\t\t\t<div class=\"elementor-element elementor-element-4dd82b7 elementor-widget elementor-widget-text-editor\" data-id=\"4dd82b7\" data-element_type=\"widget\" data-e-type=\"widget\" data-widget_type=\"text-editor.default\">\n\t\t\t\t<div class=\"elementor-widget-container\">\n\t\t\t\t\t\t\t\t\t<p>El nombre <span style=\"color: #99cc00;\">SINALU<\/span> surge de la fusi\u00f3n creativa de los nombres de sus tres socios fundadores: <strong>Si<\/strong>lvia, <strong>Na<\/strong>dia y <strong>Lu<\/strong>kas, representando as\u00ed la uni\u00f3n de sus visiones empresariales y su compromiso compartido que los llevo a crear esta empresa.<\/p>\t\t\t\t\t\t\t\t<\/div>\n\t\t\t\t<\/div>\n\t\t\t\t<\/div>\n\t\t\t\t\t<\/div>\n\t\t\t\t<\/div>\n\t\t<div class=\"elementor-element elementor-element-3054efe e-flex e-con-boxed e-con e-parent\" data-id=\"3054efe\" data-element_type=\"container\" data-e-type=\"container\">\n\t\t\t\t\t<div class=\"e-con-inner\">\n\t\t\t\t<div class=\"elementor-element elementor-element-e315b93 elementor-widget elementor-widget-heading\" data-id=\"e315b93\" data-element_type=\"widget\" data-e-type=\"widget\" data-widget_type=\"heading.default\">\n\t\t\t\t<div class=\"elementor-widget-container\">\n\t\t\t\t\t<h2 class=\"elementor-heading-title elementor-size-default\">NUESTRA MISION <\/h2>\t\t\t\t<\/div>\n\t\t\t\t<\/div>\n\t\t\t\t\t<\/div>\n\t\t\t\t<\/div>\n\t\t<div class=\"elementor-element elementor-element-f7a994b e-con-full e-flex e-con e-parent\" data-id=\"f7a994b\" data-element_type=\"container\" data-e-type=\"container\">\n\t\t<div class=\"elementor-element elementor-element-afea572 e-con-full e-flex e-con e-child\" data-id=\"afea572\" data-element_type=\"container\" data-e-type=\"container\">\n\t\t\t\t<div class=\"elementor-element elementor-element-98f40bf elementor-widget elementor-widget-text-editor\" data-id=\"98f40bf\" data-element_type=\"widget\" data-e-type=\"widget\" data-widget_type=\"text-editor.default\">\n\t\t\t\t<div class=\"elementor-widget-container\">\n\t\t\t\t\t\t\t\t\t<p><span style=\"font-weight: 400;\">Nuestra misi\u00f3n es conectar a las personas con la naturaleza, promoviendo un estilo de\u00a0<\/span><span style=\"color: var( --e-global-color-text ); font-family: var( --e-global-typography-text-font-family ), Sans-serif; text-align: var(--text-align); background-color: var(--wp--preset--color--background); font-size: var(--wp--preset--font-size--normal);\">vida m\u00e1s sostenible y armoniosa con el entorno. Nos comprometemos a brindar una experiencia al cliente, inspirando creatividad y bienestar en cada uno de ellos con nuestros productos y servicios.<\/span><\/p>\t\t\t\t\t\t\t\t<\/div>\n\t\t\t\t<\/div>\n\t\t\t\t<\/div>\n\t\t<div class=\"elementor-element elementor-element-afa485e e-con-full e-flex e-con e-child\" data-id=\"afa485e\" data-element_type=\"container\" data-e-type=\"container\">\n\t\t\t\t<div class=\"elementor-element elementor-element-cd0d41d elementor-widget elementor-widget-image\" data-id=\"cd0d41d\" data-element_type=\"widget\" data-e-type=\"widget\" data-widget_type=\"image.default\">\n\t\t\t\t<div class=\"elementor-widget-container\">\n\t\t\t\t\t\t\t\t\t\t\t\t\t\t\t<img decoding=\"async\" width=\"300\" height=\"250\" src=\"https:\/\/i0.wp.com\/sinalu.uy\/wp-content\/uploads\/2025\/07\/plants-store-story-section-img-300x250-1.jpg?resize=300%2C250&amp;ssl=1\" class=\"attachment-woocommerce_thumbnail size-woocommerce_thumbnail wp-image-2054\" alt=\"plants-store-story-section-\" \/>\t\t\t\t\t\t\t\t\t\t\t\t\t\t\t<\/div>\n\t\t\t\t<\/div>\n\t\t\t\t<\/div>\n\t\t\t\t<\/div>\n\t\t<div class=\"elementor-element elementor-element-185580b e-flex e-con-boxed e-con e-parent\" data-id=\"185580b\" data-element_type=\"container\" data-e-type=\"container\">\n\t\t\t\t\t<div class=\"e-con-inner\">\n\t\t\t\t<div class=\"elementor-element elementor-element-a71d8b9 elementor-widget elementor-widget-heading\" data-id=\"a71d8b9\" data-element_type=\"widget\" data-e-type=\"widget\" data-widget_type=\"heading.default\">\n\t\t\t\t<div class=\"elementor-widget-container\">\n\t\t\t\t\t<h2 class=\"elementor-heading-title elementor-size-default\">NUESTRA VISI\u00d3N<\/h2>\t\t\t\t<\/div>\n\t\t\t\t<\/div>\n\t\t\t\t\t<\/div>\n\t\t\t\t<\/div>\n\t\t<div class=\"elementor-element elementor-element-68e63fc e-flex e-con-boxed e-con e-parent\" data-id=\"68e63fc\" data-element_type=\"container\" data-e-type=\"container\">\n\t\t\t\t\t<div class=\"e-con-inner\">\n\t\t<div class=\"elementor-element elementor-element-9351d92 e-con-full e-flex e-con e-child\" data-id=\"9351d92\" data-element_type=\"container\" data-e-type=\"container\">\n\t\t\t\t<div class=\"elementor-element elementor-element-e638b01 elementor-widget elementor-widget-image\" data-id=\"e638b01\" data-element_type=\"widget\" data-e-type=\"widget\" data-widget_type=\"image.default\">\n\t\t\t\t<div class=\"elementor-widget-container\">\n\t\t\t\t\t\t\t\t\t\t\t\t\t\t\t<img decoding=\"async\" width=\"300\" height=\"300\" src=\"https:\/\/i0.wp.com\/sinalu.uy\/wp-content\/uploads\/2021\/08\/plants-shop-product-gallery-img-10.jpg?resize=300%2C300&amp;ssl=1\" class=\"attachment-woocommerce_thumbnail size-woocommerce_thumbnail wp-image-638\" alt=\"\" srcset=\"https:\/\/i0.wp.com\/sinalu.uy\/wp-content\/uploads\/2021\/08\/plants-shop-product-gallery-img-10.jpg?resize=300%2C300&amp;ssl=1 300w, https:\/\/i0.wp.com\/sinalu.uy\/wp-content\/uploads\/2021\/08\/plants-shop-product-gallery-img-10.jpg?resize=100%2C100&amp;ssl=1 100w, https:\/\/i0.wp.com\/sinalu.uy\/wp-content\/uploads\/2021\/08\/plants-shop-product-gallery-img-10.jpg?resize=150%2C150&amp;ssl=1 150w, https:\/\/i0.wp.com\/sinalu.uy\/wp-content\/uploads\/2021\/08\/plants-shop-product-gallery-img-10.jpg?zoom=2&amp;resize=300%2C300&amp;ssl=1 600w\" sizes=\"(max-width: 300px) 100vw, 300px\" \/>\t\t\t\t\t\t\t\t\t\t\t\t\t\t\t<\/div>\n\t\t\t\t<\/div>\n\t\t\t\t<\/div>\n\t\t<div class=\"elementor-element elementor-element-4b6f656 e-con-full e-flex e-con e-child\" data-id=\"4b6f656\" data-element_type=\"container\" data-e-type=\"container\">\n\t\t\t\t<div class=\"elementor-element elementor-element-f4e7206 elementor-widget elementor-widget-text-editor\" data-id=\"f4e7206\" data-element_type=\"widget\" data-e-type=\"widget\" data-widget_type=\"text-editor.default\">\n\t\t\t\t<div class=\"elementor-widget-container\">\n\t\t\t\t\t\t\t\t\t<p><span style=\"font-weight: 400;\"><span dir=\"auto\" style=\"vertical-align: inherit;\"><span dir=\"auto\" style=\"vertical-align: inherit;\">Ser reconocidos como l\u00edderes en el sector de la jardiner\u00eda y arreglos florales, inspiran a las comunidades a valorar y disfrutar la belleza de la naturaleza. Aspiramos a ser la primera opci\u00f3n para quienes buscan productos innovadores, creando espacios que fomenten el bienestar y la conexi\u00f3n con el entorno.<\/span><\/span><\/span><\/p>\t\t\t\t\t\t\t\t<\/div>\n\t\t\t\t<\/div>\n\t\t\t\t<\/div>\n\t\t\t\t\t<\/div>\n\t\t\t\t<\/div>\n\t\t\t\t<\/div>","protected":false},"excerpt":{"rendered":"<p>NUESTRA HISTORIA Sinalu es una empresa familiar, con experiencia en el apasionante mundo de las plantas y flores. Nos especializamos en la comercializaci\u00f3n de productos tanto naturales como artificiales,ofreciendo una amplia gama de opciones para embellecer cualquier espacio. Nos dedicamos a la producci\u00f3n y reproducci\u00f3n de plantas arom\u00e1ticas,semi-le\u00f1osas y ornamentales ideales tanto para interiores como [&hellip;]<\/p>\n","protected":false},"author":5,"featured_media":0,"parent":0,"menu_order":0,"comment_status":"closed","ping_status":"closed","template":"","meta":{"_uag_custom_page_level_css":"","footnotes":""},"class_list":["post-2253","page","type-page","status-publish","hentry"],"aioseo_notices":[],"uagb_featured_image_src":{"full":false,"thumbnail":false,"medium":false,"medium_large":false,"large":false,"1536x1536":false,"2048x2048":false,"trp-custom-language-flag":false,"woocommerce_thumbnail":false,"woocommerce_single":false,"woocommerce_gallery_thumbnail":false},"uagb_author_info":{"display_name":"Mariangeles Castro","author_link":"https:\/\/sinalu.uy\/en\/author\/mariangeles-castro\/"},"uagb_comment_info":0,"uagb_excerpt":"NUESTRA HISTORIA Sinalu es una empresa familiar, con experiencia en el apasionante mundo de las plantas y flores. Nos especializamos en la comercializaci\u00f3n de productos tanto naturales como artificiales,ofreciendo una amplia gama de opciones para embellecer cualquier espacio. Nos dedicamos a la producci\u00f3n y reproducci\u00f3n de plantas arom\u00e1ticas,semi-le\u00f1osas y ornamentales ideales tanto para interiores como&hellip;","jetpack_sharing_enabled":true,"jetpack_likes_enabled":true,"_links":{"self":[{"href":"https:\/\/sinalu.uy\/en\/wp-json\/wp\/v2\/pages\/2253","targetHints":{"allow":["GET"]}}],"collection":[{"href":"https:\/\/sinalu.uy\/en\/wp-json\/wp\/v2\/pages"}],"about":[{"href":"https:\/\/sinalu.uy\/en\/wp-json\/wp\/v2\/types\/page"}],"author":[{"embeddable":true,"href":"https:\/\/sinalu.uy\/en\/wp-json\/wp\/v2\/users\/5"}],"replies":[{"embeddable":true,"href":"https:\/\/sinalu.uy\/en\/wp-json\/wp\/v2\/comments?post=2253"}],"version-history":[{"count":0,"href":"https:\/\/sinalu.uy\/en\/wp-json\/wp\/v2\/pages\/2253\/revisions"}],"wp:attachment":[{"href":"https:\/\/sinalu.uy\/en\/wp-json\/wp\/v2\/media?parent=2253"}],"curies":[{"name":"wp","href":"https:\/\/api.w.org\/{rel}","templated":true}]}}