{"id":1002,"date":"2025-07-22T23:36:24","date_gmt":"2025-07-22T23:36:24","guid":{"rendered":"http:\/\/sinalu.uy\/about\/"},"modified":"2025-10-23T19:24:21","modified_gmt":"2025-10-23T19:24:21","slug":"about","status":"publish","type":"page","link":"https:\/\/sinalu.uy\/en\/","title":{"rendered":"Inicio"},"content":{"rendered":"<div data-elementor-type=\"wp-page\" data-elementor-id=\"1002\" class=\"elementor elementor-1002\">\n\t\t\t\t<div class=\"elementor-element elementor-element-77ea24ca e-flex e-con-boxed e-con e-parent\" data-id=\"77ea24ca\" data-element_type=\"container\" data-e-type=\"container\">\n\t\t\t\t\t<div class=\"e-con-inner\">\n\t\t\t\t<div class=\"elementor-element elementor-element-1771945a elementor-widget elementor-widget-text-editor\" data-id=\"1771945a\" data-element_type=\"widget\" data-e-type=\"widget\" data-widget_type=\"text-editor.default\">\n\t\t\t\t<div class=\"elementor-widget-container\">\n\t\t\t\t\t\t\t\t\t\n<div class=\"wp-block-uagb-container uagb-block-48ef2a71 alignfull uagb-is-root-container\">\n<div class=\"uagb-container-inner-blocks-wrap\">\n<div class=\"wp-block-uagb-container uagb-layout-grid uagb-block-7f826306 alignfull uagb-is-root-container\">\n<div class=\"uagb-container-inner-blocks-wrap\">\n<div class=\"wp-block-uagb-advanced-heading uagb-block-fccb81b8\">\n<h1 class=\"uagb-heading-text\">BIENVENIDA<\/h1>\n<\/div>\n\n<div class=\"wp-block-uagb-info-box uagb-block-6eae1f46 uagb-infobox__content-wrap  uagb-infobox-icon-above-title uagb-infobox-image-valign-top\">\n<div class=\"uagb-ifb-content\">\n<div class=\"uagb-ifb-separator\">\u00a0<\/div>\n<div class=\"uagb-ifb-title-wrap\">\n<h3 class=\"uagb-ifb-title\"><span dir=\"auto\" style=\"vertical-align: inherit;\"><span dir=\"auto\" style=\"vertical-align: inherit;\">Proporcionamos plantas frescas y saludables para tu espacio.<\/span><\/span><\/h3>\n<\/div>\n<p class=\"uagb-ifb-desc\">Bienvenidos a Sinalu Plantas y Flores !<br \/>Aqu\u00ed la naturaleza cobra vida en cada rinc\u00f3n. Nuestro compromiso es ofrecerte una variedad excepcional de plantas y flores que transformar\u00e1n tu hogar y jard\u00edn en un oasis de belleza y frescura,. Ya sea que busques plantas de interior o exterior, flores para ocasiones especiales o asesoramiento sobre jardiner\u00eda. Nuestro equipo est\u00e1 aqu\u00ed para ayudarte a encontrar lo que necesitas.<br \/>Navega por nuestro cat\u00e1logo y descubre la magia de la naturaleza.<br \/>\u00a1Gracias por elegirnos!<br \/><br \/><br \/><br \/><\/p>\n<\/div>\n<\/div>\n<\/div>\n<\/div>\n\n<div class=\"wp-block-uagb-container uagb-block-78d5481f alignfull uagb-is-root-container\">\n<div class=\"uagb-container-inner-blocks-wrap\">\n<div class=\"wp-block-uagb-info-box uagb-block-fa3d48d2 uagb-infobox__content-wrap  uagb-infobox-icon-above-title uagb-infobox-image-valign-top\">\n<div class=\"uagb-ifb-content\">\n<div class=\"uagb-ifb-icon-wrap\">\n<div class=\"uagb-iconbox-icon-wrap uagb-infobox-shape-circle\">\u00a0<\/div>\n<\/div>\n<div class=\"uagb-ifb-title-wrap\">\u00a0<\/div>\n<\/div>\n<\/div>\n<\/div>\n<\/div>\n\n<div class=\"wp-block-uagb-container uagb-layout-grid uagb-block-cb8a27eb alignfull uagb-is-root-container\">\n<div class=\"uagb-container-inner-blocks-wrap\">\n<div class=\"wp-block-uagb-advanced-heading uagb-block-27f47db3\">\n<h6 class=\"uagb-heading-text\">nuestra historia<\/h6>\n<\/div>\n\n<div class=\"wp-block-uagb-container uagb-block-6fd6ef76\">\n<div class=\"wp-block-uagb-advanced-heading uagb-block-ee1428ea\">\n<p class=\"uagb-desc-text\">Sinalu es una empresa familiar, con experiencia en el apasionante mundo de las plantas y flores. Nos especializamos en la comercializaci\u00f3n de productos tanto naturales como artificiales, ofreciendo una amplia gama de opciones para embellecer cualquier espacio.<br \/>Nos dedicamos a la producci\u00f3n y reproducci\u00f3n de plantas arom\u00e1ticas, semi-le\u00f1osas y ornamentales ideales tanto para interiores como exteriores. Adem\u00e1s, combinamos la artesan\u00eda con suculentas y cactus, creando piezas \u00fanicas y personalizadas que reflejan la belleza de la naturaleza.<br \/>Nuestra oferta incluye tambi\u00e9n flores de corte frescas y arreglos florales personalizados\u00a0 dise\u00f1ados para cualquier ocasi\u00f3n.<\/p>\n<\/div>\n\n<p>\u00a0<\/p>\n\n<div class=\"wp-block-uagb-info-box uagb-block-e82b10f6 uagb-infobox__content-wrap  uagb-infobox-icon-above-title uagb-infobox-image-valign-top\">\n<div class=\"uagb-ifb-content\">\n<div class=\"uagb-ifb-icon-wrap\">\u00a0<\/div>\n<div class=\"uagb-ifb-title-wrap\">\u00a0<\/div>\n<p class=\"uagb-ifb-desc\">\u00a0<\/p>\n<\/div>\n<\/div>\n<\/div>\n<\/div>\n<\/div>\n\t\t\t\t\t<div\n\t\t\t\t\t\tclass=\"wp-block-uagb-image-gallery uagb-block-40300999\"\n\t\t\t\t\t\tstyle=\"\"\n\t\t\t\t\t>\n\t\t\t\t\t\t\t\t\t\t\t<div class=\"spectra-image-gallery spectra-image-gallery__layout--masonry spectra-image-gallery__layout--masonry-col-3 spectra-image-gallery__layout--masonry-col-tab-3 spectra-image-gallery__layout--masonry-col-mob-1\">\n\t\t\t\t\t\t\t\t\t\t\t<div class='spectra-image-gallery__media-wrapper--isotope'>\n\t\t\t\t\t\t\t<div class='spectra-image-gallery__media-wrapper' data-spectra-gallery-image-id='305' tabindex=\"0\">\n\t\t\t\t\t\t\t<div class=\"spectra-image-gallery__media spectra-image-gallery__media--masonry\">\n\t\t\t\t<picture>\n\t\t\t\t\t<source media=\"(min-width: 1024px)\" srcset=\"http:\/\/sinalu.uy\/wp-content\/uploads\/2021\/08\/plants-store-gallery-img-6.jpg\">\n\t\t\t\t\t<source media=\"(min-width: 768px)\" srcset=\"http:\/\/sinalu.uy\/wp-content\/uploads\/2021\/08\/plants-store-gallery-img-6.jpg\">\n\t\t\t\t\t<img data-recalc-dims=\"1\" decoding=\"async\" class=\"spectra-image-gallery__media-thumbnail spectra-image-gallery__media-thumbnail--masonry\" src=\"https:\/\/i0.wp.com\/sinalu.uy\/wp-content\/uploads\/2025\/07\/plants-store-gallery-img-6-300x300-1.jpg\" alt=\"\" loading=\"lazy\" \/>\n\t\t\t\t<\/picture>\n\t\t\t\t<div class=\"spectra-image-gallery__media-thumbnail-blurrer\"><\/div>\n\t\t\t\t\t\t\t\t\t\t\t<div class=\"spectra-image-gallery__media-thumbnail-caption-wrapper spectra-image-gallery__media-thumbnail-caption-wrapper--overlay\"><\/div>\n\t\t\t\t\t\t\t\t<\/div>\n\t\t\t\t\t\t<\/div>\n\t\t\t\t\t\t<\/div>\n\t\t\t\t\t\t<div class='spectra-image-gallery__media-wrapper--isotope'>\n\t\t\t\t\t\t\t<div class='spectra-image-gallery__media-wrapper' data-spectra-gallery-image-id='306' tabindex=\"0\">\n\t\t\t\t\t\t\t<div class=\"spectra-image-gallery__media spectra-image-gallery__media--masonry\">\n\t\t\t\t<picture>\n\t\t\t\t\t<source media=\"(min-width: 1024px)\" srcset=\"http:\/\/sinalu.uy\/wp-content\/uploads\/2021\/08\/plants-store-gallery-img-1.jpg\">\n\t\t\t\t\t<source media=\"(min-width: 768px)\" srcset=\"http:\/\/sinalu.uy\/wp-content\/uploads\/2021\/08\/plants-store-gallery-img-1.jpg\">\n\t\t\t\t\t<img data-recalc-dims=\"1\" decoding=\"async\" class=\"spectra-image-gallery__media-thumbnail spectra-image-gallery__media-thumbnail--masonry\" src=\"https:\/\/i0.wp.com\/sinalu.uy\/wp-content\/uploads\/2025\/07\/plants-store-gallery-img-1-300x300-1.jpg\" alt=\"\" loading=\"lazy\" \/>\n\t\t\t\t<\/picture>\n\t\t\t\t<div class=\"spectra-image-gallery__media-thumbnail-blurrer\"><\/div>\n\t\t\t\t\t\t\t\t\t\t\t<div class=\"spectra-image-gallery__media-thumbnail-caption-wrapper spectra-image-gallery__media-thumbnail-caption-wrapper--overlay\"><\/div>\n\t\t\t\t\t\t\t\t<\/div>\n\t\t\t\t\t\t<\/div>\n\t\t\t\t\t\t<\/div>\n\t\t\t\t\t\t<div class='spectra-image-gallery__media-wrapper--isotope'>\n\t\t\t\t\t\t\t<div class='spectra-image-gallery__media-wrapper' data-spectra-gallery-image-id='307' tabindex=\"0\">\n\t\t\t\t\t\t\t<div class=\"spectra-image-gallery__media spectra-image-gallery__media--masonry\">\n\t\t\t\t<picture>\n\t\t\t\t\t<source media=\"(min-width: 1024px)\" srcset=\"http:\/\/sinalu.uy\/wp-content\/uploads\/2021\/08\/plants-store-gallery-img-2.jpg\">\n\t\t\t\t\t<source media=\"(min-width: 768px)\" srcset=\"http:\/\/sinalu.uy\/wp-content\/uploads\/2021\/08\/plants-store-gallery-img-2.jpg\">\n\t\t\t\t\t<img data-recalc-dims=\"1\" decoding=\"async\" class=\"spectra-image-gallery__media-thumbnail spectra-image-gallery__media-thumbnail--masonry\" src=\"https:\/\/i0.wp.com\/sinalu.uy\/wp-content\/uploads\/2025\/07\/plants-store-gallery-img-2-300x300-1.jpg\" alt=\"\" loading=\"lazy\" \/>\n\t\t\t\t<\/picture>\n\t\t\t\t<div class=\"spectra-image-gallery__media-thumbnail-blurrer\"><\/div>\n\t\t\t\t\t\t\t\t\t\t\t<div class=\"spectra-image-gallery__media-thumbnail-caption-wrapper spectra-image-gallery__media-thumbnail-caption-wrapper--overlay\"><\/div>\n\t\t\t\t\t\t\t\t<\/div>\n\t\t\t\t\t\t<\/div>\n\t\t\t\t\t\t<\/div>\n\t\t\t\t\t\t<div class='spectra-image-gallery__media-wrapper--isotope'>\n\t\t\t\t\t\t\t<div class='spectra-image-gallery__media-wrapper' data-spectra-gallery-image-id='308' tabindex=\"0\">\n\t\t\t\t\t\t\t<div class=\"spectra-image-gallery__media spectra-image-gallery__media--masonry\">\n\t\t\t\t<picture>\n\t\t\t\t\t<source media=\"(min-width: 1024px)\" srcset=\"http:\/\/sinalu.uy\/wp-content\/uploads\/2021\/08\/plants-store-gallery-img-3.jpg\">\n\t\t\t\t\t<source media=\"(min-width: 768px)\" srcset=\"http:\/\/sinalu.uy\/wp-content\/uploads\/2021\/08\/plants-store-gallery-img-3.jpg\">\n\t\t\t\t\t<img data-recalc-dims=\"1\" decoding=\"async\" class=\"spectra-image-gallery__media-thumbnail spectra-image-gallery__media-thumbnail--masonry\" src=\"https:\/\/i0.wp.com\/sinalu.uy\/wp-content\/uploads\/2025\/07\/plants-store-gallery-img-3-300x300-1.jpg\" alt=\"\" loading=\"lazy\" \/>\n\t\t\t\t<\/picture>\n\t\t\t\t<div class=\"spectra-image-gallery__media-thumbnail-blurrer\"><\/div>\n\t\t\t\t\t\t\t\t\t\t\t<div class=\"spectra-image-gallery__media-thumbnail-caption-wrapper spectra-image-gallery__media-thumbnail-caption-wrapper--overlay\"><\/div>\n\t\t\t\t\t\t\t\t<\/div>\n\t\t\t\t\t\t<\/div>\n\t\t\t\t\t\t<\/div>\n\t\t\t\t\t\t<div class='spectra-image-gallery__media-wrapper--isotope'>\n\t\t\t\t\t\t\t<div class='spectra-image-gallery__media-wrapper' data-spectra-gallery-image-id='309' tabindex=\"0\">\n\t\t\t\t\t\t\t<div class=\"spectra-image-gallery__media spectra-image-gallery__media--masonry\">\n\t\t\t\t<picture>\n\t\t\t\t\t<source media=\"(min-width: 1024px)\" srcset=\"http:\/\/sinalu.uy\/wp-content\/uploads\/2021\/08\/plants-store-gallery-img-4.jpg\">\n\t\t\t\t\t<source media=\"(min-width: 768px)\" srcset=\"http:\/\/sinalu.uy\/wp-content\/uploads\/2021\/08\/plants-store-gallery-img-4.jpg\">\n\t\t\t\t\t<img data-recalc-dims=\"1\" decoding=\"async\" class=\"spectra-image-gallery__media-thumbnail spectra-image-gallery__media-thumbnail--masonry\" src=\"https:\/\/i0.wp.com\/sinalu.uy\/wp-content\/uploads\/2025\/07\/plants-store-gallery-img-4-300x300-1.jpg\" alt=\"\" loading=\"lazy\" \/>\n\t\t\t\t<\/picture>\n\t\t\t\t<div class=\"spectra-image-gallery__media-thumbnail-blurrer\"><\/div>\n\t\t\t\t\t\t\t\t\t\t\t<div class=\"spectra-image-gallery__media-thumbnail-caption-wrapper spectra-image-gallery__media-thumbnail-caption-wrapper--overlay\"><\/div>\n\t\t\t\t\t\t\t\t<\/div>\n\t\t\t\t\t\t<\/div>\n\t\t\t\t\t\t<\/div>\n\t\t\t\t\t\t<div class='spectra-image-gallery__media-wrapper--isotope'>\n\t\t\t\t\t\t\t<div class='spectra-image-gallery__media-wrapper' data-spectra-gallery-image-id='310' tabindex=\"0\">\n\t\t\t\t\t\t\t<div class=\"spectra-image-gallery__media spectra-image-gallery__media--masonry\">\n\t\t\t\t<picture>\n\t\t\t\t\t<source media=\"(min-width: 1024px)\" srcset=\"http:\/\/sinalu.uy\/wp-content\/uploads\/2021\/08\/plants-store-gallery-img-5.jpg\">\n\t\t\t\t\t<source media=\"(min-width: 768px)\" srcset=\"http:\/\/sinalu.uy\/wp-content\/uploads\/2021\/08\/plants-store-gallery-img-5.jpg\">\n\t\t\t\t\t<img data-recalc-dims=\"1\" decoding=\"async\" class=\"spectra-image-gallery__media-thumbnail spectra-image-gallery__media-thumbnail--masonry\" src=\"https:\/\/i0.wp.com\/sinalu.uy\/wp-content\/uploads\/2025\/07\/plants-store-gallery-img-5-300x300-1.jpg\" alt=\"\" loading=\"lazy\" \/>\n\t\t\t\t<\/picture>\n\t\t\t\t<div class=\"spectra-image-gallery__media-thumbnail-blurrer\"><\/div>\n\t\t\t\t\t\t\t\t\t\t\t<div class=\"spectra-image-gallery__media-thumbnail-caption-wrapper spectra-image-gallery__media-thumbnail-caption-wrapper--overlay\"><\/div>\n\t\t\t\t\t\t\t\t<\/div>\n\t\t\t\t\t\t<\/div>\n\t\t\t\t\t\t<\/div>\n\t\t\t\t\t\t\t\t\t\t<\/div>\n\t\t\t\t\t\t\t\t\t\t\t\t\t\t\t\t\t\t<\/div>\n\t\t\t\t\t\t\t\t\t<\/div>\n<\/div>\n\t\t\t\t\t\t\t\t<\/div>\n\t\t\t\t<\/div>\n\t\t\t\t\t<\/div>\n\t\t\t\t<\/div>\n\t\t\t\t<\/div>","protected":false},"excerpt":{"rendered":"<p>&nbsp;<\/p>","protected":false},"author":1,"featured_media":0,"parent":0,"menu_order":0,"comment_status":"closed","ping_status":"closed","template":"","meta":{"_uag_custom_page_level_css":"","footnotes":""},"class_list":["post-1002","page","type-page","status-publish","hentry"],"aioseo_notices":[],"uagb_featured_image_src":{"full":false,"thumbnail":false,"medium":false,"medium_large":false,"large":false,"1536x1536":false,"2048x2048":false,"trp-custom-language-flag":false,"woocommerce_thumbnail":false,"woocommerce_single":false,"woocommerce_gallery_thumbnail":false},"uagb_author_info":{"display_name":"Nadia","author_link":"https:\/\/sinalu.uy\/en\/author\/nadia-r-218gmail-com\/"},"uagb_comment_info":0,"uagb_excerpt":"&nbsp;","jetpack_sharing_enabled":true,"jetpack_likes_enabled":true,"_links":{"self":[{"href":"https:\/\/sinalu.uy\/en\/wp-json\/wp\/v2\/pages\/1002","targetHints":{"allow":["GET"]}}],"collection":[{"href":"https:\/\/sinalu.uy\/en\/wp-json\/wp\/v2\/pages"}],"about":[{"href":"https:\/\/sinalu.uy\/en\/wp-json\/wp\/v2\/types\/page"}],"author":[{"embeddable":true,"href":"https:\/\/sinalu.uy\/en\/wp-json\/wp\/v2\/users\/1"}],"replies":[{"embeddable":true,"href":"https:\/\/sinalu.uy\/en\/wp-json\/wp\/v2\/comments?post=1002"}],"version-history":[{"count":0,"href":"https:\/\/sinalu.uy\/en\/wp-json\/wp\/v2\/pages\/1002\/revisions"}],"wp:attachment":[{"href":"https:\/\/sinalu.uy\/en\/wp-json\/wp\/v2\/media?parent=1002"}],"curies":[{"name":"wp","href":"https:\/\/api.w.org\/{rel}","templated":true}]}}